{"id":842,"date":"2020-03-05T11:43:16","date_gmt":"2020-03-05T10:43:16","guid":{"rendered":"http:\/\/renaissance-transmedia-lab.fr\/rtl4\/?page_id=842"},"modified":"2021-12-13T11:49:57","modified_gmt":"2021-12-13T10:49:57","slug":"mooc-la-renaissance-en-val-de-loire-presentation","status":"publish","type":"page","link":"https:\/\/renaissance-transmedia-lab.fr\/rtl4\/mooc-la-renaissance-en-val-de-loire-presentation\/","title":{"rendered":"MOOC La Renaissance en Val de Loire"},"content":{"rendered":"","protected":false},"excerpt":{"rendered":"","protected":false},"author":1,"featured_media":0,"parent":0,"menu_order":0,"comment_status":"closed","ping_status":"closed","template":"slider.php","meta":[],"acf":{"logo":{"image":"https:\/\/renaissance-transmedia-lab.fr\/rtl4\/wp-content\/uploads\/2021\/10\/logo-mooc.svg","slide":844},"logo_secondary":{"image":false,"url":""},"show_menu":false,"scroll_slide_mode":false,"slides":[{"slide":{"ID":844,"post_author":1,"post_date":"2020-03-05 11:44:15","post_date_gmt":"2020-03-05 10:44:15","post_content":"","post_title":"MOOC - Pr\u00e9sentation","post_excerpt":"","post_status":"publish","comment_status":"open","ping_status":"open","post_password":"","post_name":"mooc-presentation","to_ping":"","pinged":"","post_modified":"2021-12-16 16:23:00","post_modified_gmt":"2021-12-16 15:23:00","post_content_filtered":"","post_parent":0,"guid":"http:\/\/renaissance-transmedia-lab.fr\/rtl4\/?p=844","menu_order":0,"post_type":"post","post_mime_type":"","comment_count":0,"filter":"raw","title":"MOOC--La\u00a0Renaissance--en\u00a0Val\u00a0de\u00a0Loire","subtitle":"<p><strong>Le MOOC interdisciplinaire sur la\u00a0Renaissance en Val de Loire d\u00e9passe le format classique du MOOC web-conf\u00e9rence.<\/strong><\/p>\n","text":"<p>Ce MOOC est in\u00e9dit par son caract\u00e8re documentaire, interactif et immersif. Il vous permet de composer votre propre parcours d\u2019apprentissage, en \u00e9voluant librement et de mani\u00e8re ludique entre les diff\u00e9rentes th\u00e9matiques, gr\u00e2ce \u00e0 un ensemble vari\u00e9 de ressources transm\u00e9dia \u00e0 haute valeur scientifique et p\u00e9dagogique. Ainsi, explorez la Renaissance en Val de Loire sous toutes ses facettes, de l\u2019histoire des ch\u00e2teaux aux pratiques de sant\u00e9, en passant par la musique, la gastronomie ou encore les arts et les techniques, au fil d\u2019exp\u00e9riences num\u00e9riques novatrices.<\/p>\n<p><strong>Les \u00e9pisodes <\/strong>: Appr\u00e9hendez la Renaissance en Val de Loire gr\u00e2ce aux 10 modules th\u00e9matiques et interactifs<\/p>\n<p><strong>La galerie de portraits <\/strong>: D\u00e9couvrez les personnages qui ont incarn\u00e9 la Renaissance en Val de Loire<\/p>\n<p><strong>La cartographie interactive <\/strong>: Parcourez le Val de Loire au travers des lieux qui refl\u00e8tent la Renaissance<\/p>\n<p>&nbsp;<\/p>\n<p><strong>Du 4 octobre au 17 d\u00e9cembre 2021, le MOOC est diffus\u00e9 exclusivement sur FUN-MOOC, la\u00a0plateforme de France Universit\u00e9 Num\u00e9rique. Pour vous inscrire, cliquez sur la vignette ci\u2011dessous.<\/strong><\/p>\n","tags":[{"tag":"MOOC"},{"tag":"parcours d'apprentissage"},{"tag":"cours"},{"tag":"Renaissance en Val de Loire"}],"style":"1col","color":"","back_btn":[{"acf_fc_layout":"page","page":"https:\/\/renaissance-transmedia-lab.fr\/rtl4\/"}],"links":[{"acf_fc_layout":"slide","title":"Les \u00e9pisodes","subtitle":"","slide":2749,"cover":"https:\/\/renaissance-transmedia-lab.fr\/rtl4\/wp-content\/uploads\/2020\/03\/vignette-mooc-favoris.png","icon":false,"direction":"up"},{"acf_fc_layout":"slide","title":"Les \u00e9pisodes","subtitle":"sous-titr\u00e9s anglais","slide":4153,"cover":"https:\/\/renaissance-transmedia-lab.fr\/rtl4\/wp-content\/uploads\/2020\/03\/vignette-mooc-ep.png","icon":false,"direction":"up"},{"acf_fc_layout":"page","title":"Cartographie de\u00a0la\u00a0Renaissance","subtitle":"","page":"https:\/\/renaissance-transmedia-lab.fr\/rtl4\/mooc-la-renaissance-en-val-de-loire-cartographie-de-la-renaissance\/","cover":"https:\/\/renaissance-transmedia-lab.fr\/rtl4\/wp-content\/uploads\/2020\/03\/vignette-carte.png"},{"acf_fc_layout":"page","title":"Galerie de\u00a0portraits","subtitle":"","page":"","cover":"https:\/\/renaissance-transmedia-lab.fr\/rtl4\/wp-content\/uploads\/2020\/03\/vignette-personnage-bd-2.png"}],"call_to_action":{"text":"","link":false},"available_soon":false,"show_footer":true,"bg_img":"https:\/\/renaissance-transmedia-lab.fr\/rtl4\/wp-content\/uploads\/2019\/12\/bg-5.jpg","parallax_1":{"image":"https:\/\/renaissance-transmedia-lab.fr\/rtl4\/wp-content\/uploads\/2020\/03\/FEDER-mooc.png","data_desktop":{"pos_x_range":79,"pos_y_range":96,"width_range":15,"height_range":15,"max_width_range":15,"max_height_range":15},"data_mobile":{"pos_x_range":45,"pos_y_range":6,"width_range":34,"height_range":34,"max_width_range":40,"max_height_range":40}},"parallax_2":{"image":false,"data_desktop":{"pos_x_range":0,"pos_y_range":0,"width_range":0,"height_range":0,"max_width_range":0,"max_height_range":0},"data_mobile":{"pos_x_range":0,"pos_y_range":0,"width_range":0,"height_range":0,"max_width_range":0,"max_height_range":0}},"parallax_3":{"image":false,"data_desktop":{"pos_x_range":0,"pos_y_range":0,"width_range":0,"height_range":0,"max_width_range":0,"max_height_range":0},"data_mobile":{"pos_x_range":0,"pos_y_range":0,"width_range":0,"height_range":0,"max_width_range":0,"max_height_range":0}},"use_video":false,"use_spritesheet":false,"spritesheet_json":false,"spritesheet_img":false,"spritesheet_loading":false,"in_menu":false,"spritesheet_start_frame":0}},{"slide":{"ID":2749,"post_author":2,"post_date":"2021-04-09 19:03:31","post_date_gmt":"2021-04-09 17:03:31","post_content":"","post_title":"MOOC - mosa\u00efque des \u00e9pisodes","post_excerpt":"","post_status":"publish","comment_status":"open","ping_status":"open","post_password":"","post_name":"mooc-la-renaissance-en-val-de-loire-mosaique-des-episodes","to_ping":"","pinged":"","post_modified":"2021-06-23 10:06:16","post_modified_gmt":"2021-06-23 08:06:16","post_content_filtered":"","post_parent":0,"guid":"http:\/\/renaissance-transmedia-lab.fr\/rtl4\/?p=2749","menu_order":0,"post_type":"post","post_mime_type":"","comment_count":0,"filter":"raw","title":"","subtitle":"","text":"","tags":false,"style":"1col","color":"","back_btn":[{"acf_fc_layout":"slide","slide":844}],"links":[{"acf_fc_layout":"page","title":"Introduction","subtitle":"","page":"https:\/\/renaissance-transmedia-lab.fr\/rtl4\/mooc-la-renaissance-en-val-de-loire-introduction\/","cover":"https:\/\/renaissance-transmedia-lab.fr\/rtl4\/wp-content\/uploads\/2021\/02\/MOOC-intro-1.png"},{"acf_fc_layout":"page","title":"L'\u00c9tat, la\u00a0cour &\u00a0les\u00a0pouvoirs","subtitle":"\u00c9pisode 1","page":"https:\/\/renaissance-transmedia-lab.fr\/rtl4\/mooc-la-renaissance-en-val-de-loire-etat-cour-pouvoir\/","cover":"https:\/\/renaissance-transmedia-lab.fr\/rtl4\/wp-content\/uploads\/2021\/02\/MOOC-ep1-1.png"},{"acf_fc_layout":"page","title":"Les ch\u00e2teaux","subtitle":"\u00c9pisode 2","page":"https:\/\/renaissance-transmedia-lab.fr\/rtl4\/mooc-la-renaissance-en-val-de-loire-chateaux\/","cover":"https:\/\/renaissance-transmedia-lab.fr\/rtl4\/wp-content\/uploads\/2021\/02\/MOOC-ep2-1.png"},{"acf_fc_layout":"page","title":"Les techniques","subtitle":"\u00c9pisode 3","page":"https:\/\/renaissance-transmedia-lab.fr\/rtl4\/mooc-la-renaissance-en-val-de-loire-techniques\/","cover":"https:\/\/renaissance-transmedia-lab.fr\/rtl4\/wp-content\/uploads\/2021\/02\/MOOC-ep3-1.png"},{"acf_fc_layout":"page","title":"La sant\u00e9","subtitle":"\u00c9pisode 4","page":"https:\/\/renaissance-transmedia-lab.fr\/rtl4\/mooc-la-renaissance-en-val-de-loire-sante\/","cover":"https:\/\/renaissance-transmedia-lab.fr\/rtl4\/wp-content\/uploads\/2021\/05\/MOOC-ep4-1-1.png"},{"acf_fc_layout":"page","title":"Le livre & sa\u00a0mat\u00e9rialit\u00e9","subtitle":"\u00c9pisode 5","page":"https:\/\/renaissance-transmedia-lab.fr\/rtl4\/mooc-la-renaissance-en-val-de-loire-livre-materialite\/","cover":"https:\/\/renaissance-transmedia-lab.fr\/rtl4\/wp-content\/uploads\/2021\/02\/MOOC-ep5.png"},{"acf_fc_layout":"page","title":"Les arts de l'image","subtitle":"\u00c9pisode 6","page":"https:\/\/renaissance-transmedia-lab.fr\/rtl4\/mooc-la-renaissance-en-val-de-loire-arts-de-limage\/","cover":"https:\/\/renaissance-transmedia-lab.fr\/rtl4\/wp-content\/uploads\/2021\/02\/MOOC-ep6-1.png"},{"acf_fc_layout":"page","title":"La musique","subtitle":"\u00c9pisode 7","page":"https:\/\/renaissance-transmedia-lab.fr\/rtl4\/mooc-la-renaissance-en-val-de-loire-musique\/","cover":"https:\/\/renaissance-transmedia-lab.fr\/rtl4\/wp-content\/uploads\/2021\/02\/MOOC-ep7-1.png"},{"acf_fc_layout":"page","title":"Les paysages","subtitle":"\u00c9pisode 8","page":"https:\/\/renaissance-transmedia-lab.fr\/rtl4\/mooc-la-renaissance-en-val-de-loire-paysages\/","cover":"https:\/\/renaissance-transmedia-lab.fr\/rtl4\/wp-content\/uploads\/2021\/02\/MOOC-ep8-1.png"},{"acf_fc_layout":"page","title":"La\u00a0gastronomie &\u00a0les\u00a0banquets","subtitle":"\u00c9pisode 9","page":"https:\/\/renaissance-transmedia-lab.fr\/rtl4\/mooc-la-renaissance-en-val-de-loire-gastronomie-banquets\/","cover":"https:\/\/renaissance-transmedia-lab.fr\/rtl4\/wp-content\/uploads\/2021\/02\/MOOC-ep9-1.png"},{"acf_fc_layout":"page","title":"Les villes & les soci\u00e9t\u00e9s urbaines","subtitle":"\u00c9pisode 10","page":"https:\/\/renaissance-transmedia-lab.fr\/rtl4\/mooc-la-renaissance-en-val-de-loire-villes-societes-urbaines\/","cover":"https:\/\/renaissance-transmedia-lab.fr\/rtl4\/wp-content\/uploads\/2021\/02\/MOOC-ep10-1.png"}],"call_to_action":{"text":"","link":false},"available_soon":false,"show_footer":false,"bg_img":"https:\/\/renaissance-transmedia-lab.fr\/rtl4\/wp-content\/uploads\/2019\/12\/bg-5.jpg","parallax_1":{"image":false,"data_desktop":{"pos_x_range":0,"pos_y_range":0,"width_range":0,"height_range":0,"max_width_range":0,"max_height_range":0},"data_mobile":{"pos_x_range":0,"pos_y_range":0,"width_range":0,"height_range":0,"max_width_range":0,"max_height_range":0}},"parallax_2":{"image":false,"data_desktop":{"pos_x_range":0,"pos_y_range":0,"width_range":0,"height_range":0,"max_width_range":0,"max_height_range":0},"data_mobile":{"pos_x_range":0,"pos_y_range":0,"width_range":0,"height_range":0,"max_width_range":0,"max_height_range":0}},"parallax_3":{"image":false,"data_desktop":{"pos_x_range":0,"pos_y_range":0,"width_range":0,"height_range":0,"max_width_range":0,"max_height_range":0},"data_mobile":{"pos_x_range":0,"pos_y_range":0,"width_range":0,"height_range":0,"max_width_range":0,"max_height_range":0}},"use_video":false,"use_spritesheet":false,"spritesheet_json":false,"spritesheet_img":false,"spritesheet_loading":false,"spritesheet_start_frame":0,"in_menu":false}},{"slide":{"ID":4153,"post_author":2,"post_date":"2021-12-13 11:47:50","post_date_gmt":"2021-12-13 10:47:50","post_content":"","post_title":"MOOC - Catalogue of episodes","post_excerpt":"","post_status":"publish","comment_status":"open","ping_status":"open","post_password":"","post_name":"mooc-overview-of-the-episodes","to_ping":"","pinged":"","post_modified":"2021-12-13 14:42:56","post_modified_gmt":"2021-12-13 13:42:56","post_content_filtered":"","post_parent":0,"guid":"http:\/\/renaissance-transmedia-lab.fr\/rtl4\/?p=4153","menu_order":0,"post_type":"post","post_mime_type":"","comment_count":0,"filter":"raw","title":"","subtitle":"","text":"","tags":false,"style":"1col","color":"","back_btn":[{"acf_fc_layout":"slide","slide":844}],"links":[{"acf_fc_layout":"video_popup","ut_video_url":"https:\/\/utmedia.univ-tours.fr\/downloads\/file\/v1261ca2d407dbkxymuy\/?url=media_720_SOWhhy6p5Y.mp4","title":"Introduction","subtitle":"","cover":"https:\/\/renaissance-transmedia-lab.fr\/rtl4\/wp-content\/uploads\/2021\/02\/MOOC-intro-1.png"},{"acf_fc_layout":"video_popup","ut_video_url":"https:\/\/utmedia.univ-tours.fr\/downloads\/file\/v1261ca2d431fzr3yi13\/?url=media_720_fBAVinMTN6.mp4","title":"THE STATE, THE\u00a0COURT & THE\u00a0POWERS","subtitle":"EPISODE 1","cover":"https:\/\/renaissance-transmedia-lab.fr\/rtl4\/wp-content\/uploads\/2021\/02\/MOOC-ep1-1.png"},{"acf_fc_layout":"video_popup","ut_video_url":"https:\/\/utmedia.univ-tours.fr\/downloads\/file\/v1261ca2d43e65qo4yq8\/?url=media_720_doazjBo8mQ.mp4","title":"THE CH\u00c2TEAUX","subtitle":"EPISODE 2","cover":"https:\/\/renaissance-transmedia-lab.fr\/rtl4\/wp-content\/uploads\/2021\/02\/MOOC-ep2-1.png"},{"acf_fc_layout":"video_popup","ut_video_url":"https:\/\/utmedia.univ-tours.fr\/downloads\/file\/v1261ca2d47256jgm69c\/?url=media_720_Os5Sl9d5Yr.mp4","title":"TECHNIQUES","subtitle":"EPISODE 3","cover":"https:\/\/renaissance-transmedia-lab.fr\/rtl4\/wp-content\/uploads\/2021\/02\/MOOC-ep3-1.png"},{"acf_fc_layout":"video_popup","ut_video_url":"https:\/\/utmedia.univ-tours.fr\/downloads\/file\/v1261ca2d47e6fts4pik\/?url=media_720_2sy7w2xrJO.mp4","title":"HEALTH","subtitle":"EPISODE 4","cover":"https:\/\/renaissance-transmedia-lab.fr\/rtl4\/wp-content\/uploads\/2021\/05\/MOOC-ep4-1-1.png"},{"acf_fc_layout":"video_popup","ut_video_url":"https:\/\/utmedia.univ-tours.fr\/downloads\/file\/v1261ca2d49868z2klzm\/?url=media_720_Oxb99J22lK.mp4","title":"THE BOOK & ITS\u00a0MATERIALITY","subtitle":"EPISODE 5","cover":"https:\/\/renaissance-transmedia-lab.fr\/rtl4\/wp-content\/uploads\/2021\/02\/MOOC-ep5-1.png"},{"acf_fc_layout":"video_popup","ut_video_url":"https:\/\/utmedia.univ-tours.fr\/downloads\/file\/v1261ca2d4a9bhtwdyi9\/?url=media_720_0INsIVQZCh.mp4","title":"VISUAL ARTS","subtitle":"EPISODE 6","cover":"https:\/\/renaissance-transmedia-lab.fr\/rtl4\/wp-content\/uploads\/2021\/02\/MOOC-ep6-1.png"},{"acf_fc_layout":"video_popup","ut_video_url":"https:\/\/utmedia.univ-tours.fr\/downloads\/file\/v1261ca2d53efrq79pqf\/?url=media_720_0iamABtLGl.mp4","title":"MUSIC","subtitle":"EPISODE 7","cover":"https:\/\/renaissance-transmedia-lab.fr\/rtl4\/wp-content\/uploads\/2021\/02\/MOOC-ep7-1.png"},{"acf_fc_layout":"video_popup","ut_video_url":"https:\/\/utmedia.univ-tours.fr\/downloads\/file\/v1261ca2d6463917d0gl\/?url=media_720_Xw6gRaCgKA.mp4","title":"LANDSCAPES","subtitle":"EPISODE 8","cover":"https:\/\/renaissance-transmedia-lab.fr\/rtl4\/wp-content\/uploads\/2021\/02\/MOOC-ep8-1.png"},{"acf_fc_layout":"video_popup","ut_video_url":"https:\/\/utmedia.univ-tours.fr\/downloads\/file\/v1261ca2d652c1w6p9he\/?url=media_720_g3Xfc00QYm.mp4","title":"GASTRONOMY & BANQUETS","subtitle":"EPISODE 9","cover":"https:\/\/renaissance-transmedia-lab.fr\/rtl4\/wp-content\/uploads\/2021\/02\/MOOC-ep9-1.png"},{"acf_fc_layout":"video_popup","ut_video_url":"https:\/\/utmedia.univ-tours.fr\/downloads\/file\/v1261ca2d6601x0vzs9v\/?url=media_720_dpbFTzodUR.mp4","title":"CITIES &\u00a0URBAN SOCIETIES","subtitle":"EPISODE 10","cover":"https:\/\/renaissance-transmedia-lab.fr\/rtl4\/wp-content\/uploads\/2021\/02\/MOOC-ep10-1.png"}],"call_to_action":{"text":"","link":false},"available_soon":false,"show_footer":false,"bg_img":"https:\/\/renaissance-transmedia-lab.fr\/rtl4\/wp-content\/uploads\/2019\/12\/bg-5.jpg","parallax_1":{"image":false,"data_desktop":{"pos_x_range":0,"pos_y_range":0,"width_range":0,"height_range":0,"max_width_range":0,"max_height_range":0},"data_mobile":{"pos_x_range":0,"pos_y_range":0,"width_range":0,"height_range":0,"max_width_range":0,"max_height_range":0}},"parallax_2":{"image":false,"data_desktop":{"pos_x_range":0,"pos_y_range":0,"width_range":0,"height_range":0,"max_width_range":0,"max_height_range":0},"data_mobile":{"pos_x_range":0,"pos_y_range":0,"width_range":0,"height_range":0,"max_width_range":0,"max_height_range":0}},"parallax_3":{"image":false,"data_desktop":{"pos_x_range":0,"pos_y_range":0,"width_range":0,"height_range":0,"max_width_range":0,"max_height_range":0},"data_mobile":{"pos_x_range":0,"pos_y_range":0,"width_range":0,"height_range":0,"max_width_range":0,"max_height_range":0}},"use_video":false,"use_spritesheet":false,"spritesheet_json":false,"spritesheet_img":false,"spritesheet_loading":false,"spritesheet_start_frame":0,"in_menu":false}}],"credits":"<h3><strong>Mentions l\u00e9gales<\/strong><\/h3>\n<p>En application de la loi du 11 mars 1957 (art. 41) et du code de la propri\u00e9t\u00e9 intellectuelle du 1<sup>er<\/sup> juillet 1992, toute reproduction partielle ou totale \u00e0 usage collectif est strictement interdite sans autorisation de l\u2019Universit\u00e9 de Tours. Les logos, visuels, marques, dispositifs num\u00e9riques et contenus vid\u00e9os pr\u00e9sents sur ce site sont la propri\u00e9t\u00e9 de leur d\u00e9tenteur respectif.<\/p>\n<p>Les supports de m\u00e9diation pr\u00e9sent\u00e9s sur la page MOOC <em>La Renaissance en Val de Loire<\/em> du Renaissance Transm\u00e9dia Lab sont la co-propri\u00e9t\u00e9 de l&rsquo;universit\u00e9 de Tour et du Centre National de la Recherche Scientifique (CNRS).<\/p>\n<p><em>Les supports de m\u00e9diation MOOC La Renaissance en Val de Loire ont \u00e9t\u00e9 produits dans le cadre du programme Ambition-Recherche-D\u00e9veloppement Intelligence des Patrimoines, port\u00e9 par l\u2019UMR 7323 CESR &#8211; Centre d\u2019\u00e9tudes sup\u00e9rieures de la Renaissance (Universit\u00e9 de Tours \/ CNRS \/ Minist\u00e8re de la Culture), et financ\u00e9 par la R\u00e9gion Centre-Val de Loire.<\/em><\/p>\n<h3><strong>Projet MOOC <em>La Renaissance en Val de Loire<\/em><\/strong><\/h3>\n<h3><strong>Coordination scientifique<\/strong><\/h3>\n<p>Benoist PIERRE, Professeur des universit\u00e9s en Histoire moderne ; Directeur du CESR et du programme ARD Intelligence des Patrimoines, Universit\u00e9 de Tours\/CNRS<\/p>\n<h4><\/h4>\n<h3><strong>\u00c9quipe scientifique<\/strong><\/h3>\n<p><em>Introduction et \u00e9pisode 1. L&rsquo;\u00c9tat, la cour &amp; les pouvoirs<\/em><br \/>\nBenoist PIERRE, Professeur des universit\u00e9s en Histoire moderne ; Directeur du CESR et du programme ARD Intelligence des Patrimoines, Universit\u00e9 de Tours\/CNRS<\/p>\n<p><em>\u00c9pisode 2. Les ch\u00e2teaux<br \/>\n<\/em>Alain SALAMAGNE, Professeur des universit\u00e9s en Histoire de l\u2019art au CESR, Universit\u00e9 de Tours\/CNRS<\/p>\n<p><em>\u00c9pisode 3. Les techniques<br \/>\n<\/em>Pascal BRIOIST, Professeur des universit\u00e9s en Histoire moderne au CESR, Universit\u00e9 de Tours\/CNRS<\/p>\n<p><em>\u00c9pisode 4. La sant\u00e9<br \/>\n<\/em>Concetta PENNUTO, Ma\u00eetresse de conf\u00e9rences en Histoire des sciences au CESR, Universit\u00e9 de Tours\/CNRS<\/p>\n<p><em>\u00c9pisode 5. Le livre &amp; sa mat\u00e9rialit\u00e9<br \/>\n<\/em>Marie-\u00c9lisabeth BOUTROUE, Charg\u00e9e de recherche au CESR, Universit\u00e9 de Tours\/CNRS<br \/>\nR\u00e9mi JIMENES, Ma\u00eetre de conf\u00e9rences en Litt\u00e9ratures fran\u00e7aise et anciennes au CESR, Universit\u00e9 de Tours\/CNRS<br \/>\nChiara LASTRAIOLI, Professeure des universit\u00e9s en Litt\u00e9ratures europ\u00e9ennes au CESR, Universit\u00e9 de Tours\/CNRS<\/p>\n<p><em>\u00c9pisode 6. Les arts de l&rsquo;image<br \/>\n<\/em>Marion BOUDON-MACHUEL, Professeure des universit\u00e9s en Histoire de l\u2019art au CESR, Universit\u00e9 de Tours\/CNRS<br \/>\nPascale CHARRON, Ma\u00eetresse de conf\u00e9rences en Histoire de l\u2019art au CESR, Universit\u00e9 de Tours\/CNRS<\/p>\n<p><em>\u00c9pisode 7. La musique<br \/>\n<\/em>Daniel SAULNIER, Ing\u00e9nieur de recherche en Musicologie pour le programme RICERCAR, CESR, Universit\u00e9 de Tours\/CNRS<br \/>\nDavid FIALA, Ma\u00eetre de conf\u00e9rences en Musicologie au CESR, Universit\u00e9 de Tours\/CNRS<\/p>\n<p><em>\u00c9pisode 8. Les paysages<br \/>\n<\/em>Pascal BRIOIST, Professeur des universit\u00e9s en Histoire moderne au CESR, Universit\u00e9 de Tours\/CNRS<br \/>\nSamuel LETURCQ, Ma\u00eetre de conf\u00e9rences en Histoire m\u00e9di\u00e9vale, Laboratoire Arch\u00e9ologie et Territoires, CITERES, Universit\u00e9 de Tours\/CNRS<\/p>\n<p><em>\u00c9pisode 9. La gastronomie &amp; les banquets<br \/>\n<\/em>Bruno LAURIOUX, Professeur des universit\u00e9s en Histoire m\u00e9di\u00e9vale au CESR, Universit\u00e9 de Tours\/CNRS ; Pr\u00e9sident de l\u2019Institut Europ\u00e9en d\u2019Histoire et des Cultures de l\u2019Alimentation<\/p>\n<p><em>\u00c9pisode 10. Les villes &amp; les soci\u00e9t\u00e9s urbaines<\/em><br \/>\nDavid RIVAUD, Chercheur associ\u00e9 au CESR, Universit\u00e9 de Tours\/CNRS<\/p>\n<h4><\/h4>\n<h3><b>Production d\u00e9l\u00e9gu\u00e9e<\/b><\/h3>\n<h4><span style=\"text-decoration: underline;\">PROGRAMME ARD INTELLIGENCE DES PATRIMOINES<\/span><\/h4>\n<p><em>Coordination g\u00e9n\u00e9rale<br \/>\n<\/em>Morgane CHAUMIER, Charg\u00e9e de mission<\/p>\n<p><em>Assistance de production<\/em><br \/>\nIvana CERNANOVA, Charg\u00e9e de m\u00e9diation scientifique junior<\/p>\n<p><em>Sc\u00e9narisation des contenus<br \/>\n<\/em>Ivana CERNANOVA, Charg\u00e9e de m\u00e9diation scientifique junior<br \/>\nCarole JOLLY, Charg\u00e9e de m\u00e9diation scientifique<\/p>\n<p><em>Suivi de la r\u00e9alisation graphique<br \/>\n<\/em>Marine BRUNEAU, Charg\u00e9e de communication<\/p>\n<h4><span style=\"text-decoration: underline;\">CENTRE D&rsquo;\u00c9TUDES SUP\u00c9RIEURES DE LA RENAISSANCE<\/span><\/h4>\n<p><em>Suivi financier<br \/>\n<\/em>Herv\u00e9 LANDUR\u00c9, Gestionnaire financier<\/p>\n<p><em>Direction musicale<\/em><br \/>\nDaniel SAULNIER, Ing\u00e9nieur de recherche en Musicologie pour le programme RICERCAR, CESR, Universit\u00e9 de Tours\/CNRS<br \/>\nCamilla CAVICCHI, Ing\u00e9nieure d&rsquo;\u00e9tudes en Musicologie pour le programme RICERCAR, CESR, Universit\u00e9 de Tours\/CNRS<\/p>\n<p>Avec la participation de Barbara AUBINEAU, Audrey BOIGN\u00c9, Cyril CVETKOVIC, Johann FORTE, Katel LOCHET, Alexandra MAGN\u00c9, Damien\u00a0VURPILLOT, Nadine CORNEAU, Marie Chrisitine JOSSEC, Hyacinthe BELLIOT &amp; l&rsquo;\u00e9quipe du programme RICERCAR<\/p>\n<h3><strong>Partenaires du projet<\/strong><\/h3>\n<p>Cette op\u00e9ration est cofinanc\u00e9e par l\u2019Union europ\u00e9enne. L\u2019Europe s\u2019engage en R\u00e9gion Centre-Val de Loire avec le Fonds Europ\u00e9en de D\u00e9veloppement R\u00e9gional.<\/p>\n<h3><strong>Cr\u00e9dits<\/strong><\/h3>\n<p>Les supports de m\u00e9diation ont \u00e9t\u00e9 produits avec le concours de Vlam! Productions et Beautiful Georges.<\/p>\n<p>&nbsp;<\/p>\n<p><img loading=\"lazy\" class=\"alignnone wp-image-3106\" src=\"http:\/\/renaissance-transmedia-lab.fr\/rtl4\/wp-content\/uploads\/2021\/04\/ligne-logos-mooc-blanc-300x32.png\" alt=\"\" width=\"721\" height=\"77\" srcset=\"https:\/\/renaissance-transmedia-lab.fr\/rtl4\/wp-content\/uploads\/2021\/04\/ligne-logos-mooc-blanc-300x32.png 300w, https:\/\/renaissance-transmedia-lab.fr\/rtl4\/wp-content\/uploads\/2021\/04\/ligne-logos-mooc-blanc-1024x108.png 1024w, https:\/\/renaissance-transmedia-lab.fr\/rtl4\/wp-content\/uploads\/2021\/04\/ligne-logos-mooc-blanc-768x81.png 768w, https:\/\/renaissance-transmedia-lab.fr\/rtl4\/wp-content\/uploads\/2021\/04\/ligne-logos-mooc-blanc-1536x161.png 1536w, https:\/\/renaissance-transmedia-lab.fr\/rtl4\/wp-content\/uploads\/2021\/04\/ligne-logos-mooc-blanc.png 1742w\" sizes=\"(max-width: 721px) 100vw, 721px\" \/><\/p>\n<p>&nbsp;<\/p>\n<h3><strong>Page vitrine du projet<\/strong><\/h3>\n<p>Amboise \u00a9 C. MOUTON \u2013 CRT Centre-Val de Loire<\/p>\n<h3><strong>Page pr\u00e9sentation du projet <\/strong><\/h3>\n<p>Amboise \u00a9 C. MOUTON \u2013 CRT Centre-Val de Loire<\/p>\n<p>Visuel MOOC La Renaissance en Val de Loire \u00a9 Universit\u00e9 de Tours\/CNRS<\/p>\n<p>Alexis-Hubert Jaillot, <em>Carte particuli\u00e8re des postes de France \/ H. Jaillot<\/em>, 1690, Paris, Biblioth\u00e8que nationale de France, d\u00e9partement Cartes et plans, GE DD-2987 (704 B) \u2013 Source <a class=\"c-link\" href=\"http:\/\/gallica.bnf.fr\" target=\"_blank\" rel=\"noopener noreferrer\" data-stringify-link=\"http:\/\/gallica.bnf.fr\" data-sk=\"tooltip_parent\">gallica.bnf.fr<\/a>\/BnF<\/p>\n<p>Jean Bourdichon, <i data-stringify-type=\"italic\">Anne de Bretagne en pri\u00e8re, entour\u00e9e des saintes Anne, Marguerite et Ursule<\/i>, miniature des <i data-stringify-type=\"italic\">Grandes Heures d&rsquo;Anne de Bretagne<\/i>, fol. 3r, 1503-1508, Paris, Biblioth\u00e8que nationale de France, D\u00e9partement des Manuscrits, Latin 9474 \u2013 Source <a class=\"c-link\" href=\"http:\/\/gallica.bnf.fr\" target=\"_blank\" rel=\"noopener noreferrer\" data-stringify-link=\"http:\/\/gallica.bnf.fr\" data-sk=\"tooltip_parent\">gallica.bnf.fr<\/a>\/BnF<\/p>\n<h3><strong>Page Les \u00e9pisodes<br \/>\n<\/strong><\/h3>\n<p>Visuels extraits des \u00e9pisodes du MOOC La Renaissance en Val de Loire \u00a9 Universit\u00e9 de Tours\/CNRS<\/p>\n<p>Contenus vid\u00e9os \u00a9 Universit\u00e9 de Tours\/CNRS<\/p>\n"},"_links":{"self":[{"href":"https:\/\/renaissance-transmedia-lab.fr\/rtl4\/wp-json\/wp\/v2\/pages\/842"}],"collection":[{"href":"https:\/\/renaissance-transmedia-lab.fr\/rtl4\/wp-json\/wp\/v2\/pages"}],"about":[{"href":"https:\/\/renaissance-transmedia-lab.fr\/rtl4\/wp-json\/wp\/v2\/types\/page"}],"author":[{"embeddable":true,"href":"https:\/\/renaissance-transmedia-lab.fr\/rtl4\/wp-json\/wp\/v2\/users\/1"}],"replies":[{"embeddable":true,"href":"https:\/\/renaissance-transmedia-lab.fr\/rtl4\/wp-json\/wp\/v2\/comments?post=842"}],"version-history":[{"count":57,"href":"https:\/\/renaissance-transmedia-lab.fr\/rtl4\/wp-json\/wp\/v2\/pages\/842\/revisions"}],"predecessor-version":[{"id":4157,"href":"https:\/\/renaissance-transmedia-lab.fr\/rtl4\/wp-json\/wp\/v2\/pages\/842\/revisions\/4157"}],"wp:attachment":[{"href":"https:\/\/renaissance-transmedia-lab.fr\/rtl4\/wp-json\/wp\/v2\/media?parent=842"}],"curies":[{"name":"wp","href":"https:\/\/api.w.org\/{rel}","templated":true}]}}