{"id":809,"date":"2020-03-04T18:44:14","date_gmt":"2020-03-04T17:44:14","guid":{"rendered":"http:\/\/renaissance-transmedia-lab.fr\/rtl4\/?page_id=809"},"modified":"2021-11-17T11:37:52","modified_gmt":"2021-11-17T10:37:52","slug":"marignan","status":"publish","type":"page","link":"https:\/\/renaissance-transmedia-lab.fr\/rtl4\/marignan\/","title":{"rendered":"Marignan"},"content":{"rendered":"","protected":false},"excerpt":{"rendered":"","protected":false},"author":1,"featured_media":0,"parent":0,"menu_order":0,"comment_status":"closed","ping_status":"closed","template":"slider.php","meta":[],"acf":{"logo":{"image":"https:\/\/renaissance-transmedia-lab.fr\/rtl4\/wp-content\/uploads\/2020\/03\/logo-marignan.svg","slide":false},"logo_secondary":{"image":false,"url":""},"show_menu":false,"scroll_slide_mode":false,"slides":[{"slide":{"ID":811,"post_author":1,"post_date":"2020-03-04 18:45:55","post_date_gmt":"2020-03-04 17:45:55","post_content":"","post_title":"Marignan - Pr\u00e9sentation","post_excerpt":"","post_status":"publish","comment_status":"open","ping_status":"open","post_password":"","post_name":"marignan-presentation","to_ping":"","pinged":"","post_modified":"2021-11-08 17:28:55","post_modified_gmt":"2021-11-08 16:28:55","post_content_filtered":"","post_parent":0,"guid":"http:\/\/renaissance-transmedia-lab.fr\/rtl4\/?p=811","menu_order":0,"post_type":"post","post_mime_type":"","comment_count":0,"filter":"raw","title":"Marignan 1515\/2015","subtitle":"","text":"<p><strong>Le spectacle : <\/strong>\u00ab Marignan 1515-2015 : Un grand spectacle historique d&rsquo;apr\u00e8s L\u00e9onard de Vinci \u00bb donn\u00e9 au Ch\u00e2teau du Clos Luc\u00e9 en juillet 2015, revivez l\u2019histoire de cette c\u00e9l\u00e9bration.<\/p>\n<p><strong>Documentaire \u00ab Marignan, histoire d\u2019une c\u00e9l\u00e9bration \u00bb : <\/strong>Pour recr\u00e9er la f\u00eate de cour organis\u00e9e par L\u00e9onard de Vinci en 1518, il \u00e9tait n\u00e9cessaire de rassembler de nombreux savoir-faire : historiens bien-s\u00fbr, mais \u00e9galement couturi\u00e8res, musiciens, metteur en sc\u00e8ne, com\u00e9diens, artisans et reconstituteurs. D\u00e9couvrez les secrets de ce spectacle unique, qui a permis de redonner vie \u00e0 une page de l\u2019histoire du Val de Loire.<\/p>\n<p><strong>Web-s\u00e9rie : <\/strong>En 10 \u00e9pisodes th\u00e9matiques, cette s\u00e9rie revient sur la gen\u00e8se du projet Marignan 1515-2015. Plongez dans les coulisses de cette reconstitution grandeur nature.<\/p>\n<p><strong>Site internet : <\/strong>V\u00e9ritable archive du projet, le site internet Marignan 1515\/2015 d\u00e9taille tous les aspects des recherches qui ont \u00e9t\u00e9 entreprises pendant 2 ans pour parvenir au spectacle de reconstitution de juillet 2015. Transcriptions d\u2019archives, articles th\u00e9matiques et phototh\u00e8que sont consultables en ligne et permettent d\u2019en apprendre plus sur l\u2019histoire de cette f\u00eate de cour extraordinaire.<\/p>\n","tags":[{"tag":"Documentaire"},{"tag":"Web-s\u00e9rie"},{"tag":"Reconstitution grandeur nature"},{"tag":"Site internet"},{"tag":"Sources historiques"}],"style":"1col","color":"","back_btn":[{"acf_fc_layout":"page","page":"https:\/\/renaissance-transmedia-lab.fr\/rtl4\/"}],"links":[{"acf_fc_layout":"page","title":"Web-s\u00e9rie","subtitle":"10 \u00e9pisodes","page":"https:\/\/renaissance-transmedia-lab.fr\/rtl4\/marignan\/web-serie-marignan\/","cover":"https:\/\/renaissance-transmedia-lab.fr\/rtl4\/wp-content\/uploads\/2020\/03\/vignette-marignan-favoris.png"},{"acf_fc_layout":"video_popup","ut_video_url":"https:\/\/utmedia.univ-tours.fr\/downloads\/file\/v1261be9d3f90qe0qs3k\/?url=media_720_HJtC55EPCw.mp4","title":"Spectacle historique","subtitle":"1h30","cover":"https:\/\/renaissance-transmedia-lab.fr\/rtl4\/wp-content\/uploads\/2020\/03\/marignan-spectacle.png"},{"acf_fc_layout":"video_popup","ut_video_url":"https:\/\/utmedia.univ-tours.fr\/downloads\/file\/v1261be9d37c6jxe142e\/?url=media_720_ovxbBbKhSt.mp4","title":"Documentaire","subtitle":"1h35","cover":"https:\/\/renaissance-transmedia-lab.fr\/rtl4\/wp-content\/uploads\/2020\/03\/marignan-doc.png"},{"acf_fc_layout":"url","title":"Site internet","subtitle":"","url":"https:\/\/marignan2015.univ-tours.fr\/","cover":"https:\/\/renaissance-transmedia-lab.fr\/rtl4\/wp-content\/uploads\/2020\/03\/site-marignan.png"}],"call_to_action":{"text":"","link":false},"available_soon":false,"show_footer":true,"bg_img":"https:\/\/renaissance-transmedia-lab.fr\/rtl4\/wp-content\/uploads\/2019\/12\/bg-6.jpg","parallax_1":{"image":"https:\/\/renaissance-transmedia-lab.fr\/rtl4\/wp-content\/uploads\/2020\/03\/cavalier-1-1.png","data_desktop":{"pos_x_range":32,"pos_y_range":54,"width_range":100,"height_range":100,"max_width_range":100,"max_height_range":100},"data_mobile":{"pos_x_range":19,"pos_y_range":70,"width_range":100,"height_range":100,"max_width_range":100,"max_height_range":100}},"parallax_2":{"image":"https:\/\/renaissance-transmedia-lab.fr\/rtl4\/wp-content\/uploads\/2020\/03\/cavalier-2.png","data_desktop":{"pos_x_range":70,"pos_y_range":48,"width_range":60,"height_range":66,"max_width_range":64,"max_height_range":64},"data_mobile":{"pos_x_range":77,"pos_y_range":69,"width_range":70,"height_range":70,"max_width_range":70,"max_height_range":70}},"parallax_3":{"image":false,"data_desktop":{"pos_x_range":0,"pos_y_range":0,"width_range":0,"height_range":0,"max_width_range":0,"max_height_range":0},"data_mobile":{"pos_x_range":0,"pos_y_range":0,"width_range":0,"height_range":0,"max_width_range":0,"max_height_range":0}},"use_video":false,"use_spritesheet":false,"spritesheet_json":false,"spritesheet_img":false,"spritesheet_loading":false,"in_menu":false,"spritesheet_start_frame":0}}],"credits":"<h3><strong>Mentions l\u00e9gales<br \/>\n<\/strong><\/h3>\n<p>En application de la loi du 11 mars 1957 (art. 41) et du code de la propri\u00e9t\u00e9 intellectuelle du 1er juillet 1992, toute reproduction partielle ou totale \u00e0 usage collectif est strictement interdite sans autorisation de l\u2019Universit\u00e9 de Tours. Les logos, visuels, marques, dispositifs num\u00e9riques et contenus vid\u00e9os pr\u00e9sents sur ce site sont la propri\u00e9t\u00e9 de leur d\u00e9tenteur respectif.<\/p>\n<p>Les supports de m\u00e9diation pr\u00e9sent\u00e9s sur la page Marignan (1515\/2015) du Renaissance Transm\u00e9dia Lab sont la co-propri\u00e9t\u00e9 de l&rsquo;universit\u00e9 de Tours et du Centre National de la Recherche Scientifique (CNRS).<\/p>\n<p><em>Les supports de m\u00e9diation Marignan (1515\/2015) ont \u00e9t\u00e9 produits dans le cadre du programme Ambition-Recherche-D\u00e9veloppement Intelligence des Patrimoines, port\u00e9 par l\u2019UMR 7323 CESR &#8211; Centre d\u2019\u00e9tudes sup\u00e9rieures de la Renaissance (Universit\u00e9 de Tours \/ CNRS \/ Minist\u00e8re de la Culture), et financ\u00e9 par la R\u00e9gion Centre-Val de Loire.<\/em><\/p>\n<h3>Projet Marignan (1515\/2015)<\/h3>\n<p><strong>Coordination scientifique<\/strong><\/p>\n<p>Pascal Brioist, Professeur des universit\u00e9 en Histoire, Centre d\u2019\u00e9tudes sup\u00e9rieures de la Renaissance (Univ. Tours \/ CNRS \/ Minist\u00e8re de la Culture)<\/p>\n<p><strong>Partenaires du projet<br \/>\n<\/strong>Le projet de recherche et de m\u00e9diation Marignan (1515\/2015) a \u00e9t\u00e9 financ\u00e9 par la R\u00e9gion Centre-Val de Loire.<br \/>\nCette op\u00e9ration est cofinanc\u00e9e par l\u2019Union europ\u00e9enne. L\u2019Europe s\u2019engage en R\u00e9gion Centre-Val de Loire avec le Fonds Europ\u00e9en de D\u00e9veloppement R\u00e9gional.<br \/>\nLe projet de recherche et de m\u00e9diation Marignan (1515\/2015) a b\u00e9n\u00e9fici\u00e9 de partenariats avec l&rsquo;Association R2V2, la ville de Romorantin, l&rsquo;\u00e9quipe Alimentation (L\u00c9A) EA 6294, le Clos-Luc\u00e9 &#8211; Parc Leonardo da Vinci, l&rsquo;universit\u00e9 Lille 3 Laboratoire Irhis UMR 8529<\/p>\n<p><strong>Cr\u00e9dits<br \/>\n<\/strong>Les supports de m\u00e9diation ont \u00e9t\u00e9 produits avec le concours de Vlam! Productions et Beautiful Georges.<\/p>\n<p>&nbsp;<\/p>\n<p><img loading=\"lazy\" class=\"alignnone size-full wp-image-1467\" src=\"http:\/\/renaissance-transmedia-lab.fr\/rtl4\/wp-content\/uploads\/2020\/04\/Logos-blancs-Marignan-2.png\" alt=\"\" width=\"680\" height=\"150\" srcset=\"https:\/\/renaissance-transmedia-lab.fr\/rtl4\/wp-content\/uploads\/2020\/04\/Logos-blancs-Marignan-2.png 680w, https:\/\/renaissance-transmedia-lab.fr\/rtl4\/wp-content\/uploads\/2020\/04\/Logos-blancs-Marignan-2-300x66.png 300w\" sizes=\"(max-width: 680px) 100vw, 680px\" \/><\/p>\n<h3>Page projet vitrine<\/h3>\n<p>Spectacle <em>Marignan, histoire d\u2019une c\u00e9l\u00e9bration<\/em> \u00a9 L\u00e9onard de Serres | Fantassin \u00a9 Marc Chaslin | Madeleine de la Tour d\u2019Auvergne, interpr\u00e9t\u00e9e par Cassandre Buxton \u00a9 Jean-Louis Pironio | AG, b85, vol. 10, c92 r. \u00a9 Archivio di Stato di Mantova<\/p>\n<h3>Page pr\u00e9sentation projet<\/h3>\n<p>Spectacle <em>Marignan, histoire d\u2019une c\u00e9l\u00e9bration<\/em> \u00a9 L\u00e9onard de Serres<\/p>\n<p>Chevaliers \u00a9 Jean-Louis Pironio<\/p>\n<p>Image site internet\u00a0: Bas-relief du tombeau de Fran\u00e7ois I<sup>er<\/sup>, Abbaye de St-Denis, France<\/p>\n<p>Image documentaire \u00a9 L\u00e9onard de Serres<\/p>\n<p>Image web-s\u00e9rie\u00a0\u00a9 Pierre Aquilon<\/p>\n<p>Image spectacle historique \u00a9 Jean-Louis Pironio<\/p>\n<p>&nbsp;<\/p>\n<p>&nbsp;<\/p>\n"},"_links":{"self":[{"href":"https:\/\/renaissance-transmedia-lab.fr\/rtl4\/wp-json\/wp\/v2\/pages\/809"}],"collection":[{"href":"https:\/\/renaissance-transmedia-lab.fr\/rtl4\/wp-json\/wp\/v2\/pages"}],"about":[{"href":"https:\/\/renaissance-transmedia-lab.fr\/rtl4\/wp-json\/wp\/v2\/types\/page"}],"author":[{"embeddable":true,"href":"https:\/\/renaissance-transmedia-lab.fr\/rtl4\/wp-json\/wp\/v2\/users\/1"}],"replies":[{"embeddable":true,"href":"https:\/\/renaissance-transmedia-lab.fr\/rtl4\/wp-json\/wp\/v2\/comments?post=809"}],"version-history":[{"count":13,"href":"https:\/\/renaissance-transmedia-lab.fr\/rtl4\/wp-json\/wp\/v2\/pages\/809\/revisions"}],"predecessor-version":[{"id":4064,"href":"https:\/\/renaissance-transmedia-lab.fr\/rtl4\/wp-json\/wp\/v2\/pages\/809\/revisions\/4064"}],"wp:attachment":[{"href":"https:\/\/renaissance-transmedia-lab.fr\/rtl4\/wp-json\/wp\/v2\/media?parent=809"}],"curies":[{"name":"wp","href":"https:\/\/api.w.org\/{rel}","templated":true}]}}