{"id":2782,"date":"2021-04-09T19:47:33","date_gmt":"2021-04-09T17:47:33","guid":{"rendered":"http:\/\/renaissance-transmedia-lab.fr\/rtl4\/?page_id=2782"},"modified":"2021-12-15T18:24:45","modified_gmt":"2021-12-15T17:24:45","slug":"mooc-la-renaissance-en-val-de-loire-musique","status":"publish","type":"page","link":"https:\/\/renaissance-transmedia-lab.fr\/rtl4\/mooc-la-renaissance-en-val-de-loire-musique\/","title":{"rendered":"7. La musique"},"content":{"rendered":"","protected":false},"excerpt":{"rendered":"","protected":false},"author":2,"featured_media":0,"parent":0,"menu_order":0,"comment_status":"closed","ping_status":"closed","template":"timeline.php","meta":[],"acf":{"title":"La musique","logo":false,"back_btn":"https:\/\/renaissance-transmedia-lab.fr\/rtl4\/mooc-la-renaissance-en-val-de-loire-presentation\/","chapters":[{"title":"La musique","cover":"https:\/\/renaissance-transmedia-lab.fr\/rtl4\/wp-content\/uploads\/2021\/02\/MOOC-ep7.png","start_time":0,"cue_points":[{"title":"Naissance de l'imprimerie musicale","start_time":333,"image":false,"content":[{"acf_fc_layout":"image","image":"https:\/\/renaissance-transmedia-lab.fr\/rtl4\/wp-content\/uploads\/2021\/06\/1-couv_bnf027-small480.png","credit":"<p style=\"font-size: 0.6rem;\">Sylvie Mamy,\u00a0<em>La Musique \u00e0 Venise et l\u2019imaginaire fran\u00e7ais des Lumi\u00e8res\u00a0: D\u2019apr\u00e8s les sources v\u00e9nitiennes conserv\u00e9es \u00e0 la Biblioth\u00e8que nationale de France (XVI<sup>e<\/sup>-XVIII<sup>e<\/sup>\u00a0si\u00e8cle)<\/em>.<br \/>\nParis\u00a0: \u00c9ditions de la Biblioth\u00e8que nationale de France, 1996.<\/p>\n"},{"acf_fc_layout":"title","title":"Naissance de l'imprimerie musicale"},{"acf_fc_layout":"text","text":"<p><em>La Musique \u00e0 Venise et l\u2019imaginaire fran\u00e7ais des Lumi\u00e8res<\/em> de\u00a0Sylvie\u00a0Mamy.<\/p>\n"},{"acf_fc_layout":"button","text":"Parcourez l'ouvrage","url":"http:\/\/books.openedition.org\/editionsbnf\/613"}]},{"title":"Les chansonniers","start_time":533,"image":false,"content":[{"acf_fc_layout":"image","image":"https:\/\/renaissance-transmedia-lab.fr\/rtl4\/wp-content\/uploads\/2021\/06\/2-Chansonniers.png","credit":"<p style=\"font-size: 0.6rem;\">\u00a9 Peter Woetmann Christoffersen 2013<\/p>\n"},{"acf_fc_layout":"title","title":"Les chansonniers"},{"acf_fc_layout":"text","text":"<p>Parcourez une s\u00e9rie de six manuscrits rassemblant pr\u00e8s de\u00a0300\u00a0chansons avec le projet <em>The Copenhagen Chansonnier and\u00a0the\u00a0\u201cLoire Valley\u201d chansonniers<\/em>, \u00e9dit\u00e9 et comment\u00e9 par\u00a0Peter\u00a0Woetmann\u00a0Christoffersen.<\/p>\n"},{"acf_fc_layout":"button","text":"Acc\u00e9dez au projet","url":"https:\/\/chansonniers.pwch.dk\/index.html"},{"acf_fc_layout":"text","text":"<p>&nbsp;<\/p>\n<p>Consultez le site <em>The Loire Chansonniers<\/em> regroupant quatre des\u00a0\u00e9ditions fac-simil\u00e9s des chansonniers du Val de Loire.<\/p>\n"},{"acf_fc_layout":"button","text":"Acc\u00e9dez au site","url":"http:\/\/www.undoulxregard.org\/chansonniers\/index.html"}]},{"title":"Le Studiolo du Palais ducal de Gubbio","start_time":836,"image":false,"content":[{"acf_fc_layout":"image","image":"https:\/\/renaissance-transmedia-lab.fr\/rtl4\/wp-content\/uploads\/2021\/06\/3-DT2954.png","credit":"<p style=\"font-size: 0.6rem;\">Public Domain<\/p>\n"},{"acf_fc_layout":"title","title":"Le Studiolo du Palais ducal de Gubbio"},{"acf_fc_layout":"text","text":"<p>D\u00e9couvrez les marqueteries du Studiolo du Palais ducal de Gubbio r\u00e9alis\u00e9es par Francesco di Giorgio vers 1478\u20131482.<\/p>\n"},{"acf_fc_layout":"button","text":"Acc\u00e9dez \u00e0 une page d\u00e9di\u00e9\u00e9 au\u00a0studiolo","url":"https:\/\/patrimonioculturale.unibo.it\/gubbiostudiolo\/"},{"acf_fc_layout":"button","text":"Parcourez le studiolo en images","url":"https:\/\/www.metmuseum.org\/fr\/art\/collection\/search\/198556"}]},{"title":"J\u2019ay pris amours","start_time":855,"image":false,"content":[{"acf_fc_layout":"image","image":"https:\/\/renaissance-transmedia-lab.fr\/rtl4\/wp-content\/uploads\/2021\/06\/4-\u00a9-Christophorus.png","credit":"<p style=\"font-size: 0.6rem;\">\u2117 2012 Christophorus<\/p>\n"},{"acf_fc_layout":"title","title":"J\u2019ay pris amours"},{"acf_fc_layout":"text","text":"<p>D\u00e9couvrez la chanson <em>j&rsquo;ay pris amours.<\/em><\/p>\n"},{"acf_fc_layout":"button","text":"\u00c9coutez la pi\u00e8ce","url":"https:\/\/www.youtube.com\/watch?v=nl0sq-BJi1k"},{"acf_fc_layout":"button","text":"Consultez la transcription et\u00a0les\u00a0fac-simil\u00e9s de la pi\u00e8ce","url":"https:\/\/chansonniers.pwch.dk\/CH\/CH036.html"}]},{"title":"Le Chansonnier cordiforme de\u00a0Montchenu","start_time":922,"image":false,"content":[{"acf_fc_layout":"image","image":"https:\/\/renaissance-transmedia-lab.fr\/rtl4\/wp-content\/uploads\/2021\/06\/5-Chansonnier_cordiforme_de_Montchenu_RECUEIL.png","credit":"<p style=\"font-size: 0.6rem;\">Source\u00a0gallica.bnf.fr\/BnF<\/p>\n"},{"acf_fc_layout":"title","title":"Le Chansonnier cordiforme de\u00a0Montchenu"},{"acf_fc_layout":"text","text":"<p>Parcourez le fac-simil\u00e9 du Chansonnier cordiforme de Montchenu<\/p>\n"},{"acf_fc_layout":"button","text":"Acc\u00e9dez au manuscrit","url":"https:\/\/gallica.bnf.fr\/ark:\/12148\/btv1b525044884"},{"acf_fc_layout":"text","text":"<p>&nbsp;<\/p>\n<p>D\u00e9couvrez la chanson <em>De tous biens plaine<\/em>.<\/p>\n"},{"acf_fc_layout":"button","text":"Consultez sa partition","url":"https:\/\/gallica.bnf.fr\/ark:\/12148\/btv1b525044884\/f60.item.r=cordiforme%20montcehnuhttps:\/\/gallica.bnf.fr\/ark:\/12148\/btv1b525044884\/f61.item.r=cordiforme%20montcehnu"}]},{"title":"Le Chansonnier de Dijon","start_time":1084,"image":false,"content":[{"acf_fc_layout":"image","image":"https:\/\/renaissance-transmedia-lab.fr\/rtl4\/wp-content\/uploads\/2021\/06\/6-chansonnier-dijon.png","credit":"<p style=\"font-size: 0.6rem;\">\u00a9 Biblioth\u00e8que municipale de Dijon<\/p>\n"},{"acf_fc_layout":"title","title":"Le Chansonnier de Dijon"},{"acf_fc_layout":"text","text":"<p>Consultez le <em>Recueil de chansons fran\u00e7aises avec musique not\u00e9e<\/em>, conserv\u00e9 \u00e0 la Biblioth\u00e8que Municipale de Dijon.<\/p>\n"},{"acf_fc_layout":"button","text":"Acc\u00e9dez au manuscrit","url":"http:\/\/patrimoine.bm-dijon.fr\/pleade\/img-viewer\/MS00517\/iipviewer.html?np=FR212316101_CITEAUX_MS00517_000_01_PS.jpg&nd=FR212316101_CITEAUX_MS00517_209_DO.jpg&base=mets&monoid=MS00517&treq=&vcontext=mets&ns=FR212316101_CITEAUX_MS00517_001_V.jpg"}]},{"title":"Petite camusette de\u00a0Jean\u00a0de\u00a0Okeghem","start_time":1142,"image":false,"content":[{"acf_fc_layout":"image","image":"https:\/\/renaissance-transmedia-lab.fr\/rtl4\/wp-content\/uploads\/2021\/06\/7-Petite-camusette.png","credit":"<p style=\"font-size: 0.6rem;\">\u2117 Ricercar<\/p>\n"},{"acf_fc_layout":"title","title":"Petite camusette de\u00a0Jean\u00a0de\u00a0Okeghem"},{"acf_fc_layout":"text","text":"<p>D\u00e9couvrez la chanson combinatoire <em>petite camusette<\/em> compos\u00e9e par Jean de Okeghem. Partition : Chansonnier de Dijon<\/p>\n"},{"acf_fc_layout":"button","text":"\u00c9coutez la pi\u00e8ce","url":"https:\/\/www.youtube.com\/watch?v=pexG6FVBFik"}]},{"title":"Petite camusette de\u00a0Josquin","start_time":1278,"image":false,"content":[{"acf_fc_layout":"image","image":"https:\/\/renaissance-transmedia-lab.fr\/rtl4\/wp-content\/uploads\/2021\/06\/8-Josquin-petite-camusette.png","credit":"<p style=\"font-size: 0.6rem;\">Gustav Adolf Gaupp, <em>Josquin des Pr\u00e9s<\/em>, estampe, 1870. Paris, Biblioth\u00e8que nationale de France, d\u00e9partement Musique, Est.JosquindesPr\u00e9s002 &#8211; Source\u00a0gallica.bnf.fr\/BnF<\/p>\n"},{"acf_fc_layout":"title","title":"Petite camusette de\u00a0Josquin"},{"acf_fc_layout":"text","text":"<p>D\u00e9couvrez l&rsquo;arrangement de <em>petite camusette<\/em> compos\u00e9 par\u00a0Josquin \u00e0 6 voix. Partition : Chansonnier de Dijon<\/p>\n"},{"acf_fc_layout":"button","text":"\u00c9coutez la pi\u00e8ce","url":"https:\/\/www.youtube.com\/watch?v=Phv5oVIErog"}]},{"title":"Manuscrits de chansons populaires","start_time":1286,"image":false,"content":[{"acf_fc_layout":"image","image":"https:\/\/renaissance-transmedia-lab.fr\/rtl4\/wp-content\/uploads\/2021\/06\/9-Recueil_de_chansons_franc\u0327aises_avec_..._btv1b8454676w_18.png","credit":"<p style=\"font-size: 0.6rem;\">Source\u00a0gallica.bnf.fr\/BnF<\/p>\n"},{"acf_fc_layout":"title","title":"Manuscrits de chansons populaires"},{"acf_fc_layout":"text","text":"<p>Parcourez deux manuscrits de m\u00e9lodies populaires conserv\u00e9s \u00e0 la Biblioth\u00e8que nationale de France : <em>Recueil de chansons fran\u00e7aises, avec musique not\u00e9e <\/em>&amp;<em> Chansons normandes du XV<sup>e<\/sup> si\u00e8cle<\/em>.<\/p>\n"},{"acf_fc_layout":"button","text":"Consultez le Recueil de chansons fran\u00e7aises","url":"http:\/\/gallica.bnf.fr\/ark:\/12148\/btv1b8454676w"},{"acf_fc_layout":"button","text":"Consultez les Chansons normandes du XVe si\u00e8cle","url":"http:\/\/gallica.bnf.fr\/ark:\/12148\/btv1b8454671t"}]},{"title":"Allegez moy","start_time":1367,"image":false,"content":[{"acf_fc_layout":"image","image":"https:\/\/renaissance-transmedia-lab.fr\/rtl4\/wp-content\/uploads\/2021\/06\/10-bsb00078697_00017.png","credit":"<p style=\"font-size: 0.6rem;\">Source Bayerischen Staatsbibliothek \/ M\u00fcnchener Digitalisierungszentrum Digitale Bibliothek<\/p>\n"},{"acf_fc_layout":"title","title":"Allegez moy"},{"acf_fc_layout":"text","text":"<p>D\u00e9couvrez la chanson <em>Allegez moy<\/em> compos\u00e9e par Josquin.<\/p>\n"},{"acf_fc_layout":"button","text":"Consultez la partition","url":"http:\/\/daten.digitale-sammlungen.de\/bsb00078697\/image_17"}]},{"title":"Tant que vivray","start_time":1515,"image":false,"content":[{"acf_fc_layout":"image","image":"https:\/\/renaissance-transmedia-lab.fr\/rtl4\/wp-content\/uploads\/2021\/06\/11-Tant-que-vivray.png","credit":"<p style=\"font-size: 0.6rem;\">\u00a9 Harmonia Mundi<\/p>\n"},{"acf_fc_layout":"title","title":"Tant que vivray"},{"acf_fc_layout":"text","text":"<p>D\u00e9couvrez la chanson <em>Tant que vivray<\/em> compos\u00e9e par\u00a0Claudin\u00a0de\u00a0Sermisy sur un po\u00e8me de Cl\u00e9ment Marot.<\/p>\n"},{"acf_fc_layout":"button","text":"\u00c9coutez la pi\u00e8ce","url":"https:\/\/www.youtube.com\/watch?v=kyZoMhqF_lk"}]},{"title":"Cl\u00e9ment Marot","start_time":1521,"image":false,"content":[{"acf_fc_layout":"image","image":"https:\/\/renaissance-transmedia-lab.fr\/rtl4\/wp-content\/uploads\/2021\/06\/12-Cle\u0301ment-Marot.png","credit":"<p style=\"font-size: 0.6rem;\">Anonyme, <em>Cl\u00e9ment Marot<\/em>, gravure sur bois, 152 x 114, Versailles, ch\u00e2teaux de Versailles et de Trianon, LP10.57.3 \u00a9 Ch\u00e2teau de Versailles, Dist. RMN-Grand Palais \/ image ch\u00e2teau de Versailles<\/p>\n"},{"acf_fc_layout":"title","title":"Cl\u00e9ment Marot"},{"acf_fc_layout":"text","text":"<p><em>Chanter l\u2019Adolescence cl\u00e9mentine, ou Marot, Attaingnant, Sermisy : la fabrique de quelques tubes de la Renaissance<\/em> par Jean Vignes.<\/p>\n"},{"acf_fc_layout":"button","text":"Consultez l'article","url":"http:\/\/journals.openedition.org\/babel\/5759"}]},{"title":"Okeghem et la coll\u00e9giale Saint-Martin de Tours ","start_time":1763,"image":false,"content":[{"acf_fc_layout":"image","image":"https:\/\/renaissance-transmedia-lab.fr\/rtl4\/wp-content\/uploads\/2021\/06\/13-chronologie-ReViSMartin.png","credit":"<p style=\"font-size: 0.6rem;\">\u00a9 REVISMARTIN<\/p>\n"},{"acf_fc_layout":"title","title":"Okeghem et la coll\u00e9giale Saint-Martin de Tours"},{"acf_fc_layout":"text","text":"<p>\u00c0 travers une chronologie interactive parcourez l&rsquo;histoire de\u00a0la\u00a0coll\u00e9giale Saint-Martin et la vie du grand compositeur Jean\u00a0de\u00a0Okeghem.<\/p>\n"},{"acf_fc_layout":"button","text":"Acc\u00e9dez \u00e0 la chronologie interactive","url":"http:\/\/renaissance-transmedia-lab.fr\/rtl4\/histoire-de-saint-martin\/"}]},{"title":"Okeghem, tr\u00e9sorier de\u00a0Saint-Martin de Tours","start_time":1789,"image":false,"content":[{"acf_fc_layout":"image","image":"https:\/\/renaissance-transmedia-lab.fr\/rtl4\/wp-content\/uploads\/2021\/06\/14-Portail-des-tre\u0301sorier-XIXe\u0300me1.png","credit":"<p style=\"font-size: 0.6rem;\">Charles Joseph Hullmandel, <em>Portail de l\u2019h\u00f4tel des tr\u00e9soriers de Saint-Martin<\/em>, lithographie,<br \/>\nLondres, 1819-1850 \u00a9 Tours, Archives municipales, section Historique, chapelle Saint-\u00c9loi.<\/p>\n"},{"acf_fc_layout":"title","title":"Okeghem, tr\u00e9sorier de\u00a0Saint-Martin de Tours"},{"acf_fc_layout":"text","text":"<p><em>&lsquo;Premi\u00e8rement ma baronie de Chastoneuf&rsquo; : Jean de Ockeghem tr\u00e9sorier de Saint-Martin de Tours. <\/em>Par Agostino Magro<\/p>\n"},{"acf_fc_layout":"button","text":"Consultez l'article","url":"https:\/\/www.academia.edu\/34573959\/_Premierement_ma_baronnie_de_chasteauneuf_Jean_de_Ockeghem_tr%C3%A9sorier_de_Saint_Martin_de_Tours"}]},{"title":"Okeghem & Busnoys","start_time":1850,"image":false,"content":[{"acf_fc_layout":"image","image":"https:\/\/renaissance-transmedia-lab.fr\/rtl4\/wp-content\/uploads\/2021\/06\/15-Ockeghem-et-Busnoys.png","credit":"<p style=\"font-size: 0.6rem;\">Par Agostino Magro<\/p>\n"},{"acf_fc_layout":"title","title":"Okeghem & Busnoys"},{"acf_fc_layout":"text","text":"<p>Jean de Okeghem et Antoine Busnoys, deux compositeurs de\u00a0la\u00a0Renaissance. \u00c0 d\u00e9couvrir dans le cours d&rsquo;Histoire de\u00a0la\u00a0musique de\u00a0Agostino Magro.<\/p>\n"},{"acf_fc_layout":"button","text":"Acc\u00e9dez au cours","url":"https:\/\/prezi.com\/p\/-6mtbrsbehku\/4-hm-3-l2-ockeghem-et-busnoys\/"}]},{"title":"Hommage \u00e0 Jean\u00a0de\u00a0Okeghem","start_time":1916,"image":false,"content":[{"acf_fc_layout":"image","image":"https:\/\/renaissance-transmedia-lab.fr\/rtl4\/wp-content\/uploads\/2021\/06\/16-Ockeghem.png","credit":"<p style=\"font-size: 0.6rem;\">\u00c9tienne Collaut, <em>Chantres au lutrin<\/em>, enluminure, <em>Chants royaux sur la Conception couronn\u00e9s au\u00a0Puy\u00a0de\u00a0Rouen<\/em>, vers 1530. Paris, Biblioth\u00e8que nationale de France, ms. fran\u00e7ais 1537, fol 58v<br \/>\n&#8211; Source gallica.bnf.fr<\/p>\n"},{"acf_fc_layout":"title","title":"Hommage \u00e0\u00a0Jean\u00a0de\u00a0Okeghem"},{"acf_fc_layout":"text","text":"<p><em>Guillaume Cr\u00e9tin et la D\u00e9ploration sur le tr\u00e9pas de\u00a0Jean\u00a0Ockeghem\u00a0: les ch\u0153urs, les c\u0153urs et la po\u00e9sie<\/em>. Par\u00a0Thibaut Randomme<\/p>\n"},{"acf_fc_layout":"button","text":"Consultez l'article","url":"https:\/\/journals.openedition.org\/medievales\/7253?lang=en"}]},{"title":"Nymphes des bois","start_time":1935,"image":false,"content":[{"acf_fc_layout":"image","image":"https:\/\/renaissance-transmedia-lab.fr\/rtl4\/wp-content\/uploads\/2021\/06\/17-Josquin-cubiculum.png","credit":"<p style=\"font-size: 0.6rem;\">\u00a9 Universit\u00e9 de Tours<\/p>\n"},{"acf_fc_layout":"title","title":"Nymphes des bois"},{"acf_fc_layout":"text","text":"<p>Explorez l&rsquo;\u0153uvre musicale <em>Nymphes des bois<\/em> et d\u00e9couvrez la vie et\u00a0l&rsquo;\u0153uvre de son compositeur Josquin Deprez sur l&rsquo;application web du <em>Cubiculum Musicae<\/em>.<\/p>\n"},{"acf_fc_layout":"button","text":"Acc\u00e9dez \u00e0 l'application","url":"https:\/\/cubiculum-musicae.univ-tours.fr\/josquin\/en\/#\/"}]},{"title":"Jean de Okeghem, Missa\u00a0Prolationum","start_time":2018,"image":false,"content":[{"acf_fc_layout":"image","image":"https:\/\/renaissance-transmedia-lab.fr\/rtl4\/wp-content\/uploads\/2021\/06\/18-Chig.C.VIII_.234_0214_fa_0106v_s.png","credit":"<p style=\"font-size: 0.6rem;\">Jean de Okeghem, <em>Missa Prolationum<\/em>, Ms. Chigi C.VIII.234, fol. 106-114, Biblioteca Apostolica Vaticana<\/p>\n"},{"acf_fc_layout":"title","title":"Jean de Okeghem, Missa\u00a0Prolationum"},{"acf_fc_layout":"text","text":"<p>Explorez l&rsquo;\u0153uvre de Jean de Okeghem, la <em>Missa Prolationum<\/em>.<\/p>\n"},{"acf_fc_layout":"button","text":"Consultez la partition (fol. 106-114)","url":"https:\/\/digi.vatlib.it\/view\/MSS_Chig.C.VIII.234"},{"acf_fc_layout":"button","text":"\u00c9coutez la pi\u00e8ce","url":"https:\/\/www.youtube.com\/watch?v=AcPKvta4eoI"},{"acf_fc_layout":"text","text":"<p>&nbsp;<\/p>\n<p>Pour aller plus loin, d\u00e9couvrez l&rsquo;interview de Lucien Kandel autour\u00a0de la <em>Missa Prolationum<\/em>.<\/p>\n"},{"acf_fc_layout":"button","text":"Visionnez l'interview","url":"https:\/\/www.youtube.com\/watch?v=HmObrLfW_Dw"}]},{"title":"Jean de Okeghem, Missa\u00a0Cujusvis\u00a0toni","start_time":2079,"image":false,"content":[{"acf_fc_layout":"image","image":"https:\/\/renaissance-transmedia-lab.fr\/rtl4\/wp-content\/uploads\/2021\/06\/19-Capp.Sist_.35_0028_fa_0012v_s.png","credit":"<p style=\"font-size: 0.6rem;\">Jean de Okeghem, <em>Missa Cujusvis toni<\/em>, MS Capp. Sist. 35, fol. 12v-13, Biblioteca Apostolica Vatican<\/p>\n"},{"acf_fc_layout":"title","title":"Jean de Okeghem, Missa\u00a0Cujusvis\u00a0toni"},{"acf_fc_layout":"text","text":"<p>Explorez l&rsquo;\u0153uvre de Jean de Okeghem, la <em>Missa Cujusvis toni<\/em>.<\/p>\n"},{"acf_fc_layout":"button","text":"Consultez la partition (fol. 12v-13)","url":"https:\/\/digi.vatlib.it\/view\/MSS_Capp.Sist.35"},{"acf_fc_layout":"button","text":"\u00c9coutez la pi\u00e8ce","url":"https:\/\/www.youtube.com\/watch?v=OrUzNC4Tc1Y"}]},{"title":"Jean de Okeghem, Missa De plus en plus","start_time":2130,"image":false,"content":[{"acf_fc_layout":"image","image":"https:\/\/renaissance-transmedia-lab.fr\/rtl4\/wp-content\/uploads\/2021\/06\/20-Chig.C.VIII_.234_0152_fa_0075v_s.png","credit":"<p style=\"font-size: 0.6rem;\">Jean de Okeghem, <em>Missa De plus en plus<\/em>, Ms. Chigi C.VIII.234, fol. 75v-87, Biblioteca Apostolica Vaticana<\/p>\n"},{"acf_fc_layout":"title","title":"Jean de Okeghem, Missa\u00a0De\u00a0plus\u00a0en\u00a0plus"},{"acf_fc_layout":"text","text":"<p>Explorez l&rsquo;\u0153uvre de Jean de Okeghem, la <em>Missa De plus en plus<\/em>.<\/p>\n"},{"acf_fc_layout":"button","text":"Consultez la partition (fol 75v-87)","url":"https:\/\/digi.vatlib.it\/view\/MSS_Chig.C.VIII.234"}]},{"title":"Antienne Dixerunt\u00a0discipuli","start_time":2146,"image":false,"content":[{"acf_fc_layout":"image","image":"https:\/\/renaissance-transmedia-lab.fr\/rtl4\/wp-content\/uploads\/2021\/06\/21-Antienne.png","credit":"<p style=\"font-size: 0.6rem;\">Cubiculum musicae, Ockeghem 1460<\/p>\n"},{"acf_fc_layout":"title","title":"Antienne Dixerunt\u00a0discipuli"},{"acf_fc_layout":"text","text":"<p>D\u00e9couvrez l&rsquo;antienne <em>Dixerunt discipuli<\/em> \u00e0 travers une vid\u00e9o ludique <em>Okeghem 1460<\/em> \u00e0 retrouver sur le site du programme de recherche Ricecar : <em>Virtual Music Heritage<\/em>.<\/p>\n"},{"acf_fc_layout":"button","text":"Acc\u00e9dez \u00e0 la vid\u00e9o","url":"https:\/\/virtual-music-heritage.fr\/portfolio-item\/okeghem-1460\/"},{"acf_fc_layout":"text","text":"<p>&nbsp;<\/p>\n<p>L&rsquo;ensemble Gilles Binchois offre deux enregistrements de la messe <em>Dixerunt discipuli<\/em>, \u00e0 d\u00e9couvrir sur son site internet.<\/p>\n"},{"acf_fc_layout":"button","text":"Acc\u00e9dez au site","url":"https:\/\/gillesbinchois.com\/saint-martin-de-tours\/"}]},{"title":"ReViSMartin","start_time":2195,"image":false,"content":[{"acf_fc_layout":"image","image":"https:\/\/renaissance-transmedia-lab.fr\/rtl4\/wp-content\/uploads\/2021\/06\/22-ReViSMartin.png","credit":"<p style=\"font-size: 0.6rem;\">\u00a9 REVISMARTIN<\/p>\n"},{"acf_fc_layout":"title","title":"ReViSMartin"},{"acf_fc_layout":"text","text":"<p>Explorez l&rsquo;architecture et la vie liturgique et musicale de la coll\u00e9giale Saint-Martin de Tours au XV<sup>e<\/sup> si\u00e8cle avec l&rsquo;exp\u00e9rience ReViSMartin, \u00e0 d\u00e9couvrir sur l&rsquo;atelier virtuel Renaissance Transm\u00e9dia Lab.<\/p>\n"},{"acf_fc_layout":"button","text":"Acc\u00e9dez \u00e0 l'exp\u00e9rience","url":"http:\/\/renaissance-transmedia-lab.fr\/rtl4\/revismartin\/"},{"acf_fc_layout":"text","text":"<p>&nbsp;<\/p>\n<p>Zoom sur la reconstitution 3D de la coll\u00e9giale Saint-Martin de Tours avec le film d&rsquo;animation 3D, <em>Okeghem 5.0<\/em>.<\/p>\n"},{"acf_fc_layout":"button","text":"Visionnez le film","url":"https:\/\/virtual-music-heritage.fr\/portfolio-item\/tours-1480-3d-saint-martin\/"},{"acf_fc_layout":"button","text":"Un film \u00e0 red\u00e9couvrir au Logis","url":"https:\/\/www.tours.fr\/services-infos-pratiques\/735-le-logis-prefiguration-du-ciap.htm"}]},{"title":"Les vases acoustiques","start_time":2303,"image":false,"content":[{"acf_fc_layout":"image","image":"https:\/\/renaissance-transmedia-lab.fr\/rtl4\/wp-content\/uploads\/2021\/06\/23-De-Architectura-CESR.png","credit":"<p style=\"font-size: 0.6rem;\">Fra Giocondo, <em>M. Vitruvius per locundum solito castigatior et tabula ut iam legi et intelligi possit<\/em>, frontispice, 1511 \u00a9 Biblitoth\u00e8ques Virtuelles Humanistes, CESR Tours<\/p>\n"},{"acf_fc_layout":"title","title":"Les vases acoustiques"},{"acf_fc_layout":"text","text":"<p>Pour aller plus loin, parcourez l&rsquo;ouvrage <em>De architectura<\/em> de Vitruve.<\/p>\n"},{"acf_fc_layout":"button","text":"Acc\u00e9dez \u00e0 l'ouvrage","url":"http:\/\/www.bvh.univ-tours.fr\/Consult\/index.asp?numfiche=131"}]},{"title":"Les pots acoustiques","start_time":2354,"image":false,"content":[{"acf_fc_layout":"image","image":"https:\/\/renaissance-transmedia-lab.fr\/rtl4\/wp-content\/uploads\/2021\/06\/24-pots-acoustiques.png","credit":"<p style=\"font-size: 0.6rem;\">\u00a9 CNRS Images\/Claude Delhaye<\/p>\n"},{"acf_fc_layout":"title","title":"Les pots acoustiques"},{"acf_fc_layout":"text","text":"<p>Une \u00e9quipe de recherche de l&rsquo;universit\u00e9 de Poitiers m\u00e8ne un projet d&rsquo;\u00e9tude des dispositifs de pots acoustiques dans les \u00e9difices anciens.<\/p>\n"},{"acf_fc_layout":"button","text":"Consultez leur site","url":"http:\/\/archeoacoustique.labo.univ-poitiers.fr\/"},{"acf_fc_layout":"text","text":"<p>&nbsp;<\/p>\n<p>D\u00e9couvrez l&rsquo;exp\u00e9rience acoustique in\u00e9dite men\u00e9e par\u00a0des\u00a0scientifiques dans le caveau de la cath\u00e9drale de Noyon.<\/p>\n"},{"acf_fc_layout":"button","text":"Acc\u00e9dez au site du projet","url":"http:\/\/archeoacoustique.labo.univ-poitiers.fr\/ceci-est-une-actualite\/"},{"acf_fc_layout":"button","text":"Visionnez la pr\u00e9sentation de\u00a0l'exp\u00e9rience","url":"https:\/\/www.dailymotion.com\/video\/x37fgne"},{"acf_fc_layout":"text","text":"<p>&nbsp;<\/p>\n<p>Percez l&rsquo;\u00e9nigme des poteries acoustiques de l&rsquo;Abbaye Notre-Dame des Anges en parcourant site des amis de l&rsquo;Abbaye et le film du\u00a0CNRS.<\/p>\n"},{"acf_fc_layout":"button","text":"Acc\u00e9dez au site","url":"http:\/\/www.abbayedesanges.com\/histoire\/les-pots-acoustiques\/"},{"acf_fc_layout":"button","text":"Visionnez le film","url":"https:\/\/lejournal.cnrs.fr\/videos\/lenigme-des-poteries-acoustiques"}]},{"title":"Leonardo vase sonore","start_time":2371,"image":false,"content":[{"acf_fc_layout":"image","image":"https:\/\/renaissance-transmedia-lab.fr\/rtl4\/wp-content\/uploads\/2021\/06\/25-Le\u0301onard-de-Vinci-Manuscrit-L.png","credit":"<p style=\"font-size: 0.6rem;\">\u00a9 e-Leo (Biblioteca Leonardiana)<\/p>\n"},{"acf_fc_layout":"title","title":"Leonardo vase sonore"},{"acf_fc_layout":"text","text":"<p>D\u00e9couvrez la description des pots acoustiques de Leonard De Vinci dans le manuscrit L conserv\u00e9 \u00e0 l&rsquo;Institut de France (fol.63r).<\/p>\n"},{"acf_fc_layout":"button","text":"Acc\u00e9dez au folio","url":"https:\/\/www.leonardodigitale.com\/sfoglia\/manoscritto-l-dell-institut-de-france\/0063-r\/"}]},{"title":"Nymphes des Bois","start_time":2468,"image":false,"content":[{"acf_fc_layout":"image","image":"https:\/\/renaissance-transmedia-lab.fr\/rtl4\/wp-content\/uploads\/2021\/06\/26-Vox-luminis.png","credit":"<p style=\"font-size: 0.6rem;\">\u00a9 Vox Luminis<\/p>\n"},{"acf_fc_layout":"title","title":"Nymphes des Bois"},{"acf_fc_layout":"text","text":"<p>Une pi\u00e8ce bas\u00e9e sur le po\u00e8me de Jean Molinet et compos\u00e9e par\u00a0Josquin Desprez, \u00e0 d\u00e9couvrir en musique.<\/p>\n"},{"acf_fc_layout":"button","text":"\u00c9coutez la pi\u00e8ce","url":"https:\/\/www.youtube.com\/watch?v=XrYCyopfo9Y"}]},{"title":"Bibliographie & Glossaire","start_time":2635,"image":false,"content":[{"acf_fc_layout":"title","title":"Bibliographie & Glossaire"},{"acf_fc_layout":"text","text":"<p>T\u00e9l\u00e9chargez les ressources compl\u00e9mentaires :<\/p>\n"},{"acf_fc_layout":"button","text":"Bibliographie","url":"http:\/\/renaissance-transmedia-lab.fr\/rtl4\/wp-content\/uploads\/2021\/12\/S7-Pour-aller-plus-loin-ref.pdf"},{"acf_fc_layout":"button","text":"Glossaire","url":"http:\/\/renaissance-transmedia-lab.fr\/rtl4\/wp-content\/uploads\/2021\/12\/S7-Pour-aller-plus-loin-glossaire.pdf"}]}]}],"video_url":"https:\/\/utmedia.univ-tours.fr\/downloads\/file\/v1261be9de08444u7itv\/?url=media_720_HMs9SgiZfB.mp4"},"_links":{"self":[{"href":"https:\/\/renaissance-transmedia-lab.fr\/rtl4\/wp-json\/wp\/v2\/pages\/2782"}],"collection":[{"href":"https:\/\/renaissance-transmedia-lab.fr\/rtl4\/wp-json\/wp\/v2\/pages"}],"about":[{"href":"https:\/\/renaissance-transmedia-lab.fr\/rtl4\/wp-json\/wp\/v2\/types\/page"}],"author":[{"embeddable":true,"href":"https:\/\/renaissance-transmedia-lab.fr\/rtl4\/wp-json\/wp\/v2\/users\/2"}],"replies":[{"embeddable":true,"href":"https:\/\/renaissance-transmedia-lab.fr\/rtl4\/wp-json\/wp\/v2\/comments?post=2782"}],"version-history":[{"count":58,"href":"https:\/\/renaissance-transmedia-lab.fr\/rtl4\/wp-json\/wp\/v2\/pages\/2782\/revisions"}],"predecessor-version":[{"id":4222,"href":"https:\/\/renaissance-transmedia-lab.fr\/rtl4\/wp-json\/wp\/v2\/pages\/2782\/revisions\/4222"}],"wp:attachment":[{"href":"https:\/\/renaissance-transmedia-lab.fr\/rtl4\/wp-json\/wp\/v2\/media?parent=2782"}],"curies":[{"name":"wp","href":"https:\/\/api.w.org\/{rel}","templated":true}]}}