{"id":2755,"date":"2021-04-09T19:16:01","date_gmt":"2021-04-09T17:16:01","guid":{"rendered":"http:\/\/renaissance-transmedia-lab.fr\/rtl4\/?page_id=2755"},"modified":"2021-12-15T18:13:10","modified_gmt":"2021-12-15T17:13:10","slug":"mooc-la-renaissance-en-val-de-loire-etat-cour-pouvoir","status":"publish","type":"page","link":"https:\/\/renaissance-transmedia-lab.fr\/rtl4\/mooc-la-renaissance-en-val-de-loire-etat-cour-pouvoir\/","title":{"rendered":"1. L\u2019\u00c9tat, la cour &#038; les pouvoirs"},"content":{"rendered":"","protected":false},"excerpt":{"rendered":"","protected":false},"author":2,"featured_media":0,"parent":0,"menu_order":0,"comment_status":"closed","ping_status":"closed","template":"timeline.php","meta":[],"acf":{"title":"L\u2019\u00c9tat, la cour & les pouvoirs","logo":false,"back_btn":"https:\/\/renaissance-transmedia-lab.fr\/rtl4\/mooc-la-renaissance-en-val-de-loire-presentation\/","chapters":[{"title":"L\u2019\u00c9tat, la cour & les pouvoirs","cover":"https:\/\/renaissance-transmedia-lab.fr\/rtl4\/wp-content\/uploads\/2021\/02\/MOOC-ep1.png","start_time":0,"cue_points":[{"title":"Le d\u00e9cor sculpt\u00e9 \u00e0\u00a0Chambord","start_time":347,"image":false,"content":[{"acf_fc_layout":"image","image":"https:\/\/renaissance-transmedia-lab.fr\/rtl4\/wp-content\/uploads\/2021\/05\/1-decor-sculpte\u0301.jpg","credit":"<p style=\"font-size: 0.6rem;\">\u00a9 MOOC La Renaissance en Val de Loire<\/p>\n"},{"acf_fc_layout":"title","title":"Le d\u00e9cor sculpt\u00e9 \u00e0\u00a0Chambord"},{"acf_fc_layout":"text","text":"<p><em>Qu\u2019est-ce que Chambord ? \u00e9tude du d\u00e9cor sculpt\u00e9 et nouvelles interpr\u00e9tations. <\/em>Par Thibaud Fourrier &amp; Fran\u00e7ois Parot<\/p>\n"},{"acf_fc_layout":"button","text":"Consultez l'article","url":"https:\/\/hal.archives-ouvertes.fr\/hal-01194181\/file\/ARTICLE%20SSLLC.pdf"}]},{"title":"Le roi de vertu","start_time":461,"image":false,"content":[{"acf_fc_layout":"image","image":"https:\/\/renaissance-transmedia-lab.fr\/rtl4\/wp-content\/uploads\/2021\/05\/2-bloch_kantorowicz.jpg","credit":"<p style=\"font-size: 0.6rem;\">M. Bloch, \u00ab\u00a0Les Rois Thaumaturges\u00a0\u00bb et E. Kantorowicz, \u00ab\u00a0Les deux corps du\u00a0roi\u00a0\u00bb \u00a9\u00a0Armand\u00a0Colin\/Princeton University Press<\/p>\n"},{"acf_fc_layout":"title","title":"Pour\u00a0aller\u00a0plus\u00a0loin : Le\u00a0roi de vertu"},{"acf_fc_layout":"text","text":"<p>Dans l&rsquo;\u00e9pisode intitul\u00e9 <em>Rompre le charme du th\u00e9ologico-politique<\/em>, Patrick Boucheron analyse la fiction politique de la th\u00e9orie du\u00a0double corps du roi et du roi thaumaturge.<\/p>\n"},{"acf_fc_layout":"button","text":"\u00c9coutez l'\u00e9mission","url":"https:\/\/www.franceculture.fr\/emissions\/les-cours-du-college-de-france\/fictions-politiques-412-rompre-le-charme-du-theologico"}]},{"title":"La Boussole : promenade scientifique \u00e0\u00a0Chambord","start_time":585,"image":false,"content":[{"acf_fc_layout":"image","image":"https:\/\/renaissance-transmedia-lab.fr\/rtl4\/wp-content\/uploads\/2021\/05\/3-La-Boussole.jpg","credit":"<p style=\"font-size: 0.6rem;\">\u00a9 La Boussole<\/p>\n"},{"acf_fc_layout":"title","title":"La Boussole : promenade scientifique \u00e0\u00a0Chambord"},{"acf_fc_layout":"text","text":"<p>Une application in\u00e9dite de promenade augment\u00e9e pour porter un\u00a0nouveau regard sur Chambord et son domaine au fil d&rsquo;itin\u00e9raires th\u00e9matiques.<\/p>\n"},{"acf_fc_layout":"button","text":"Testez l'application","url":"https:\/\/intelligencedespatrimoines.fr\/mediation\/projets-de-valorisation\/la-boussole-promenade-scientifique-a-chambord\/"}]},{"title":"Une d\u00e9couverte virtuelle de\u00a0Chambord","start_time":720,"image":false,"content":[{"acf_fc_layout":"image","image":"https:\/\/renaissance-transmedia-lab.fr\/rtl4\/wp-content\/uploads\/2021\/05\/4-visite-virtuelle-de-Chambord-\u00a9Domaine-national-de-Chambord.jpg","credit":"<p style=\"font-size: 0.6rem;\">\u00a9 Domaine national de Chambord<\/p>\n"},{"acf_fc_layout":"title","title":"Pour aller plus loin : une\u00a0d\u00e9couverte virtuelle de\u00a0Chambord"},{"acf_fc_layout":"text","text":"<p>Parcourez le Domaine national de Chambord avec Jean\u00a0d&rsquo;Haussonville et Virginie\u00a0Berdal.<\/p>\n"},{"acf_fc_layout":"button","text":"Suivez la visite virtuelle","url":"https:\/\/www.youtube.com\/watch?v=WQfLnoGZ75g"}]},{"title":"Fran\u00e7ois Ier \u00e0 Tours","start_time":960,"image":false,"content":[{"acf_fc_layout":"image","image":"https:\/\/renaissance-transmedia-lab.fr\/rtl4\/wp-content\/uploads\/2021\/05\/5-Franc\u0327ois-Ier-a\u0300-Tours.jpg","credit":"<p style=\"font-size: 0.6rem;\">Comptes rendus par Jehan Bernard seigneur de La Roche du Puy, ancien maire de la ville de Tours, en\u00a01516 \u00a9 Archives municipales de Tours\/CESR \u2013 Intelligence des Patrimoines \u2013 Projet ARVIVA<\/p>\n"},{"acf_fc_layout":"title","title":"Fran\u00e7ois Ier \u00e0 Tours"},{"acf_fc_layout":"text","text":"<p><em>L&rsquo;Entr\u00e9e solennelle de Fran\u00e7ois I<sup>er<\/sup> \u00e0 Tours en 1516.<\/em><br \/>\nPar David Rivaud<\/p>\n"},{"acf_fc_layout":"button","text":"Consultez l'article","url":"https:\/\/rihvage.univ-tours.fr\/entree-royale-francois-ier-tours\/"}]},{"title":"Marignan (1515\/2015)","start_time":1170,"image":false,"content":[{"acf_fc_layout":"image","image":"https:\/\/renaissance-transmedia-lab.fr\/rtl4\/wp-content\/uploads\/2021\/05\/6-Marignan-spectacle-historique\u00a9-Jean-Louis-Pironio.jpg","credit":"<p style=\"font-size: 0.6rem;\">\u00a9 Marignan &#8211; Jean-Louis Pironio<\/p>\n"},{"acf_fc_layout":"title","title":"Marignan (1515\/2015)"},{"acf_fc_layout":"text","text":"<p>Histoire d&rsquo;une reconstitution de la grande f\u00eate de cour de mai 1518 \u00e0 Amboise en l&rsquo;honneur de Fran\u00e7ois I<sup>er<\/sup>.<\/p>\n"},{"acf_fc_layout":"button","text":"Acc\u00e9dez \u00e0 l'exp\u00e9rience","url":"http:\/\/renaissance-transmedia-lab.fr\/rtl4\/marignan\/"}]},{"title":"L'h\u00f4tel de Beaune Semblan\u00e7ay","start_time":1440,"image":false,"content":[{"acf_fc_layout":"image","image":"https:\/\/renaissance-transmedia-lab.fr\/rtl4\/wp-content\/uploads\/2021\/05\/7-Hotel-de-Beaune-Semblanc\u0327ay.jpg","credit":"<p style=\"font-size: 0.6rem;\">\u00a9 MOOC La Renaissance en Val de Loire<\/p>\n"},{"acf_fc_layout":"title","title":"L'h\u00f4tel de Beaune Semblan\u00e7ay"},{"acf_fc_layout":"text","text":"<p>Pour voir des documents iconographiques d&rsquo;\u00e9poque, consultez la\u00a0base M\u00e9rim\u00e9e du Minist\u00e8re de la Culture.<\/p>\n"},{"acf_fc_layout":"button","text":"Acc\u00e9dez \u00e0 la notice","url":"https:\/\/www.pop.culture.gouv.fr\/notice\/merimee\/IA00071322"}]},{"title":"L'affaire des Placards vue par Pierre de l'Estoile","start_time":1747,"image":false,"content":[{"acf_fc_layout":"image","image":"https:\/\/renaissance-transmedia-lab.fr\/rtl4\/wp-content\/uploads\/2021\/05\/8-Laffaire-des-placards.jpg","credit":""},{"acf_fc_layout":"title","title":"L'affaire des Placards vue par Pierre de l'Estoile"},{"acf_fc_layout":"text","text":"<p><em>Journal d\u2019un bourgeois de Paris sous le r\u00e8gne de Fran\u00e7ois I<sup>er<\/sup> (1515-1536)<\/em>, publi\u00e9 par la Soci\u00e9t\u00e9 d\u2019Histoire de France d\u2019apr\u00e8s\u00a0un\u00a0manuscrit in\u00e9dit de la biblioth\u00e8que imp\u00e9riale, par\u00a0Ludovic\u00a0Lalanne, \u00c0\u00a0Paris, chez\u00a0Jules\u00a0Renouard, 1854.<\/p>\n"},{"acf_fc_layout":"button","text":"Consultez la publication","url":"https:\/\/www.univ-montp3.fr\/fr\/file\/35587\/download?token=tayYKqmf"}]},{"title":"La Saint-Barth\u00e9lemy ou\u00a0l'impossible r\u00e9conciliation","start_time":2520,"image":false,"content":[{"acf_fc_layout":"image","image":"https:\/\/renaissance-transmedia-lab.fr\/rtl4\/wp-content\/uploads\/2021\/05\/9-Le-Massacre-de-la-Saint-Barthe\u0301le\u0301my.jpg","credit":"<p style=\"font-size: 0.6rem;\">Fran\u00e7ois Dubois, <em>Le Massacre de la Saint-Barth\u00e9l\u00e9my<\/em>, vers\u00a01572-1584 \u00a9\u00a0Mus\u00e9e\u00a0cantonal\u00a0des\u00a0Beaux\u2011Arts\u00a0de Lausanne<\/p>\n"},{"acf_fc_layout":"title","title":"La Saint-Barth\u00e9lemy ou\u00a0l'impossible r\u00e9conciliation"},{"acf_fc_layout":"text","text":"<p>L&rsquo;historien Denis Crouzet analyse la Saint-Barth\u00e9lemy dans le cycle des affrontements religieux.<\/p>\n"},{"acf_fc_layout":"button","text":"Regardez la vid\u00e9o","url":"https:\/\/www.youtube.com\/watch?v=ZC1bc-t9cy0"}]},{"title":"Apog\u00e9e et d\u00e9clin de\u00a0l'imaginaire monarchique","start_time":2700,"image":false,"content":[{"acf_fc_layout":"image","image":"https:\/\/renaissance-transmedia-lab.fr\/rtl4\/wp-content\/uploads\/2021\/05\/10-Arlette-Jouanna.jpg","credit":"<p style=\"font-size: 0.6rem;\">Arlette Jouanna, <em>Le prince absolu : apog\u00e9e et d\u00e9clin de l&rsquo;imaginaire monarchique<\/em>, Paris, Gallimard, coll.\u00a0\u00ab\u00a0L&rsquo;esprit de la cit\u00e9\u00a0\u00bb, 2014, 333p<\/p>\n"},{"acf_fc_layout":"title","title":"Apog\u00e9e et d\u00e9clin de\u00a0l'imaginaire monarchique"},{"acf_fc_layout":"text","text":"<p>\u00c0 l&rsquo;occasion des \u00ab Rendez-vous de l&rsquo;Histoire \u00bb de Blois en 2014, l&rsquo;historienne Arlette Jouanna pr\u00e9sente son ouvrage<em> Le prince absolu, apog\u00e9e et d\u00e9clin de l&rsquo;imaginaire monarchique.<\/em><\/p>\n"},{"acf_fc_layout":"button","text":"D\u00e9couvrez l'interview","url":"https:\/\/www.youtube.com\/watch?v=-VjUAwC98ZM"}]},{"title":"Bibliographie & Glossaire ","start_time":2789,"image":false,"content":[{"acf_fc_layout":"title","title":"Bibliographie & Glossaire "},{"acf_fc_layout":"text","text":"<p>T\u00e9l\u00e9chargez les ressources compl\u00e9mentaires :<\/p>\n"},{"acf_fc_layout":"button","text":"Bibliographie","url":"http:\/\/renaissance-transmedia-lab.fr\/rtl4\/wp-content\/uploads\/2021\/12\/S1-Pour-aller-plus-loin-ref.pdf"},{"acf_fc_layout":"button","text":"Glossaire","url":"http:\/\/renaissance-transmedia-lab.fr\/rtl4\/wp-content\/uploads\/2021\/12\/S1-Pour-aller-plus-loin-glossaire.pdf"}]}]}],"video_url":"https:\/\/utmedia.univ-tours.fr\/downloads\/file\/v1261be9dda1dxl7berq\/?url=media_720_iPNK9V01Y8.mp4"},"_links":{"self":[{"href":"https:\/\/renaissance-transmedia-lab.fr\/rtl4\/wp-json\/wp\/v2\/pages\/2755"}],"collection":[{"href":"https:\/\/renaissance-transmedia-lab.fr\/rtl4\/wp-json\/wp\/v2\/pages"}],"about":[{"href":"https:\/\/renaissance-transmedia-lab.fr\/rtl4\/wp-json\/wp\/v2\/types\/page"}],"author":[{"embeddable":true,"href":"https:\/\/renaissance-transmedia-lab.fr\/rtl4\/wp-json\/wp\/v2\/users\/2"}],"replies":[{"embeddable":true,"href":"https:\/\/renaissance-transmedia-lab.fr\/rtl4\/wp-json\/wp\/v2\/comments?post=2755"}],"version-history":[{"count":68,"href":"https:\/\/renaissance-transmedia-lab.fr\/rtl4\/wp-json\/wp\/v2\/pages\/2755\/revisions"}],"predecessor-version":[{"id":4213,"href":"https:\/\/renaissance-transmedia-lab.fr\/rtl4\/wp-json\/wp\/v2\/pages\/2755\/revisions\/4213"}],"wp:attachment":[{"href":"https:\/\/renaissance-transmedia-lab.fr\/rtl4\/wp-json\/wp\/v2\/media?parent=2755"}],"curies":[{"name":"wp","href":"https:\/\/api.w.org\/{rel}","templated":true}]}}