{"id":1735,"date":"2020-07-06T17:53:06","date_gmt":"2020-07-06T15:53:06","guid":{"rendered":"http:\/\/renaissance-transmedia-lab.fr\/rtl4\/?page_id=1735"},"modified":"2020-07-13T14:35:00","modified_gmt":"2020-07-13T12:35:00","slug":"qui-sommes-nous","status":"publish","type":"page","link":"https:\/\/renaissance-transmedia-lab.fr\/rtl4\/qui-sommes-nous\/","title":{"rendered":"Qui sommes-nous\u00a0?"},"content":{"rendered":"","protected":false},"excerpt":{"rendered":"","protected":false},"author":1,"featured_media":0,"parent":0,"menu_order":0,"comment_status":"closed","ping_status":"closed","template":"simple.php","meta":[],"acf":{"logo":"https:\/\/renaissance-transmedia-lab.fr\/rtl4\/wp-content\/uploads\/2019\/12\/logo.svg","contents":[{"acf_fc_layout":"content","content":"<h1>Qui sommes-nous ?<\/h1>\n<p><a href=\"http:\/\/renaissance-transmedia-lab.fr\/rtl4\/wp-content\/uploads\/2020\/07\/logo-transmedialab-rouge.svg\"><img loading=\"lazy\" class=\"alignnone wp-image-1767\" src=\"http:\/\/renaissance-transmedia-lab.fr\/rtl4\/wp-content\/uploads\/2020\/07\/logo-transmedialab-rouge.svg\" alt=\"\" width=\"169\" height=\"49\" \/><\/a><\/p>\n<p>&nbsp;<\/p>\n<p>Le Renaissance Transm\u00e9dia Lab est un atelier virtuel de m\u00e9diation scientifique, d\u00e9velopp\u00e9 par l\u2019\u00e9quipe du programme ARD Intelligence des Patrimoines (R\u00e9gion Centre-Val de Loire) en collaboration avec les chercheurs du Centre d\u2019\u00e9tudes sup\u00e9rieures de la Renaissance (universit\u00e9 de Tours, CNRS, Minist\u00e8re de la Culture).<\/p>\n<p>&nbsp;<\/p>\n<p>&nbsp;<\/p>\n<p><img loading=\"lazy\" class=\"alignnone wp-image-1793\" src=\"http:\/\/renaissance-transmedia-lab.fr\/rtl4\/wp-content\/uploads\/2020\/07\/IPAT_rouge_72dpi-300x300.png\" alt=\"\" width=\"125\" height=\"125\" srcset=\"https:\/\/renaissance-transmedia-lab.fr\/rtl4\/wp-content\/uploads\/2020\/07\/IPAT_rouge_72dpi-300x300.png 300w, https:\/\/renaissance-transmedia-lab.fr\/rtl4\/wp-content\/uploads\/2020\/07\/IPAT_rouge_72dpi-150x150.png 150w, https:\/\/renaissance-transmedia-lab.fr\/rtl4\/wp-content\/uploads\/2020\/07\/IPAT_rouge_72dpi-768x768.png 768w, https:\/\/renaissance-transmedia-lab.fr\/rtl4\/wp-content\/uploads\/2020\/07\/IPAT_rouge_72dpi.png 1000w\" sizes=\"(max-width: 125px) 100vw, 125px\" \/><\/p>\n<h2>Intelligence des Patrimoines<\/h2>\n<p>Intelligence des Patrimoines est un programme Ambition-Recherche-D\u00e9veloppement (ARD) financ\u00e9 par la R\u00e9gion Centre-Val de Loire et coordonn\u00e9 par l\u2019universit\u00e9 de Tours. Il s\u2019agit d\u2019un programme interdisciplinaire de recherche et d\u2019innovation charg\u00e9 de valoriser aupr\u00e8s du grand public les patrimoines culturels et naturels du Val de Loire.<br \/>\nLe programme, qui f\u00e9d\u00e8re un r\u00e9seau de 360 chercheurs et associe pr\u00e8s de 150 projets de recherche, a pour objectif de mettre en lien la science interdisciplinaire avec les enjeux socio-\u00e9conomiques du territoire r\u00e9gional, principalement ceux li\u00e9s au tourisme patrimonial.<br \/>\nPour y r\u00e9pondre, l\u2019une des actions phares du programme est le d\u00e9ploiement d\u2019un \u00e9cosyst\u00e8me num\u00e9rique, nomm\u00e9 Heritage(s). Au croisement de la recherche et de la valorisation, Heritage(s) est d\u00e9di\u00e9 \u00e0 la mise en lumi\u00e8re des patrimoines de la r\u00e9gion Centre- Val de Loire. Il rassemble 3 plateformes, \u00c9quipements, Donn\u00e9es, M\u00e9diation, chacune contribuant aux diff\u00e9rentes \u00e9tapes de la cha\u00eene de traitement de la donn\u00e9e, de son acquisition jusqu\u2019\u00e0 sa pleine valorisation aupr\u00e8s de la communaut\u00e9 de la recherche, mais aussi du grand public.<br \/>\nPremi\u00e8re exp\u00e9rimentation de la plateforme M\u00e9diation, le Renaissance Transm\u00e9dia Lab est un atelier virtuel rassemblant des exp\u00e9riences num\u00e9rique ludo-\u00e9ducatives, r\u00e9alis\u00e9es \u00e0 partir des derni\u00e8res recherches scientifiques sur la p\u00e9riode de la Renaissance.<\/p>\n<p><img loading=\"lazy\" class=\"alignnone wp-image-1796\" src=\"http:\/\/renaissance-transmedia-lab.fr\/rtl4\/wp-content\/uploads\/2020\/07\/I-Pat-logos-2020-e1594206020228-300x39.jpg\" alt=\"\" width=\"770\" height=\"100\" srcset=\"https:\/\/renaissance-transmedia-lab.fr\/rtl4\/wp-content\/uploads\/2020\/07\/I-Pat-logos-2020-e1594206020228-300x39.jpg 300w, https:\/\/renaissance-transmedia-lab.fr\/rtl4\/wp-content\/uploads\/2020\/07\/I-Pat-logos-2020-e1594206020228-768x100.jpg 768w, https:\/\/renaissance-transmedia-lab.fr\/rtl4\/wp-content\/uploads\/2020\/07\/I-Pat-logos-2020-e1594206020228-1024x133.jpg 1024w\" sizes=\"(max-width: 770px) 100vw, 770px\" \/><\/p>\n<p>&nbsp;<\/p>\n<p>&nbsp;<\/p>\n<p><img loading=\"lazy\" class=\"alignnone wp-image-1794\" src=\"http:\/\/renaissance-transmedia-lab.fr\/rtl4\/wp-content\/uploads\/2020\/07\/Logo_cesr_orange_300dpi-300x185.png\" alt=\"\" width=\"194\" height=\"120\" srcset=\"https:\/\/renaissance-transmedia-lab.fr\/rtl4\/wp-content\/uploads\/2020\/07\/Logo_cesr_orange_300dpi-300x185.png 300w, https:\/\/renaissance-transmedia-lab.fr\/rtl4\/wp-content\/uploads\/2020\/07\/Logo_cesr_orange_300dpi-768x474.png 768w, https:\/\/renaissance-transmedia-lab.fr\/rtl4\/wp-content\/uploads\/2020\/07\/Logo_cesr_orange_300dpi-1024x633.png 1024w, https:\/\/renaissance-transmedia-lab.fr\/rtl4\/wp-content\/uploads\/2020\/07\/Logo_cesr_orange_300dpi.png 1287w\" sizes=\"(max-width: 194px) 100vw, 194px\" \/><\/p>\n<h2>Centre d\u2019\u00e9tudes sup\u00e9rieures de la Renaissance<\/h2>\n<p>Fond\u00e9 \u00e0 Tours en 1956, le Centre d\u2019\u00e9tudes sup\u00e9rieures de la Renaissance (CESR) a la particularit\u00e9 unique en France d\u2019\u00eatre \u00e0 la fois une Unit\u00e9 de Formation et de Recherche (UFR) et une Unit\u00e9 Mixte de Recherche (UMR 7323) de r\u00e9putation internationale, plac\u00e9es sous la triple tutelle de l\u2019universit\u00e9 de Tours, du Centre national de la recherche scientifique (CNRS) et du Minist\u00e8re de la Culture (MIC).<br \/>\nLe CESR accueille aujourd\u2019hui une centaine de membres de l\u2019universit\u00e9, du CNRS, et du Minist\u00e8re de la Culture : chercheurs, enseignants-chercheurs, ing\u00e9nieurs, techniciens et administratifs (titulaires et contractuels), et une soixantaine de doctorants. Depuis 2018, le CESR a ouvert l\u2019\u00c9cole sup\u00e9rieure en Intelligence des Patrimoines. Cette nouvelle formation de l\u2019universit\u00e9 de Tours, qui s\u2019appuie sur la richesse interdisciplinaire et la tradition p\u00e9dagogique du CESR, consiste \u00e0 faire b\u00e9n\u00e9ficier les \u00e9tudiants des principaux acquis scientifiques et m\u00e9thodologiques du Centre, compl\u00e9t\u00e9s par ceux du programme ARD Intelligence des Patrimoines.<br \/>\nDe renomm\u00e9e internationale, le CESR s\u2019est impos\u00e9 comme p\u00f4le moteur pour l\u2019\u00e9tude des patrimoines et des cultures de la Renaissance. Il participe ainsi de mani\u00e8re active au d\u00e9veloppement des humanit\u00e9s num\u00e9riques en portant divers programmes de recherche : Biblioth\u00e8ques Virtuelles Humanistes, Ricercar, Architectura, Performart (ERC), etc. \u00c0 l\u2019initiative d\u2019une nouvelle impulsion de la recherche dans le domaine des patrimoines et de la Renaissance, le CESR d\u00e9veloppe des projets de recherche, de valorisation et de m\u00e9diation scientifique et culturelle en lien avec le programme ARD Intelligence des Patrimoines.<\/p>\n<p>&nbsp;<\/p>\n<p><img loading=\"lazy\" class=\"alignnone wp-image-1805\" src=\"http:\/\/renaissance-transmedia-lab.fr\/rtl4\/wp-content\/uploads\/2020\/07\/tutelles-cesr-300x58.png\" alt=\"\" width=\"150\" height=\"29\" srcset=\"https:\/\/renaissance-transmedia-lab.fr\/rtl4\/wp-content\/uploads\/2020\/07\/tutelles-cesr-300x58.png 300w, https:\/\/renaissance-transmedia-lab.fr\/rtl4\/wp-content\/uploads\/2020\/07\/tutelles-cesr.png 680w\" sizes=\"(max-width: 150px) 100vw, 150px\" \/><\/p>\n<h2><\/h2>\n"}]},"_links":{"self":[{"href":"https:\/\/renaissance-transmedia-lab.fr\/rtl4\/wp-json\/wp\/v2\/pages\/1735"}],"collection":[{"href":"https:\/\/renaissance-transmedia-lab.fr\/rtl4\/wp-json\/wp\/v2\/pages"}],"about":[{"href":"https:\/\/renaissance-transmedia-lab.fr\/rtl4\/wp-json\/wp\/v2\/types\/page"}],"author":[{"embeddable":true,"href":"https:\/\/renaissance-transmedia-lab.fr\/rtl4\/wp-json\/wp\/v2\/users\/1"}],"replies":[{"embeddable":true,"href":"https:\/\/renaissance-transmedia-lab.fr\/rtl4\/wp-json\/wp\/v2\/comments?post=1735"}],"version-history":[{"count":22,"href":"https:\/\/renaissance-transmedia-lab.fr\/rtl4\/wp-json\/wp\/v2\/pages\/1735\/revisions"}],"predecessor-version":[{"id":1818,"href":"https:\/\/renaissance-transmedia-lab.fr\/rtl4\/wp-json\/wp\/v2\/pages\/1735\/revisions\/1818"}],"wp:attachment":[{"href":"https:\/\/renaissance-transmedia-lab.fr\/rtl4\/wp-json\/wp\/v2\/media?parent=1735"}],"curies":[{"name":"wp","href":"https:\/\/api.w.org\/{rel}","templated":true}]}}