{"id":134,"date":"2019-11-19T11:15:42","date_gmt":"2019-11-19T10:15:42","guid":{"rendered":"http:\/\/renaissance-transmedia-lab.fr\/rtl4\/?page_id=134"},"modified":"2021-11-17T11:54:21","modified_gmt":"2021-11-17T10:54:21","slug":"sur-les-pas-de-leonard","status":"publish","type":"page","link":"https:\/\/renaissance-transmedia-lab.fr\/rtl4\/sur-les-pas-de-leonard\/","title":{"rendered":"Sur les pas\u2028 de L\u00e9onard"},"content":{"rendered":"","protected":false},"excerpt":{"rendered":"","protected":false},"author":1,"featured_media":0,"parent":0,"menu_order":0,"comment_status":"closed","ping_status":"closed","template":"slider.php","meta":[],"acf":{"show_menu":false,"slides":[{"slide":{"ID":136,"post_author":1,"post_date":"2019-11-19 11:17:35","post_date_gmt":"2019-11-19 10:17:35","post_content":"","post_title":"Sur les pas de L\u00e9onard - Pr\u00e9sentation","post_excerpt":"","post_status":"publish","comment_status":"open","ping_status":"open","post_password":"","post_name":"sur-les-pas-%e2%80%a8de-leonard-presentation","to_ping":"","pinged":"","post_modified":"2021-09-02 16:38:10","post_modified_gmt":"2021-09-02 14:38:10","post_content_filtered":"","post_parent":0,"guid":"http:\/\/renaissance-transmedia-lab.fr\/rtl4\/?p=136","menu_order":0,"post_type":"post","post_mime_type":"","comment_count":0,"filter":"raw","title":"Sur les pas--de L\u00e9onard","subtitle":"<p><em>Sur les pas de L\u00e9onard<\/em> propose une synth\u00e8se originale des\u00a0connaissances\u00a0scientifiques aujourd\u2019hui disponibles sur\u00a0L\u00e9onard de Vinci.<\/p>\n","text":"<p>Imagin\u00e9e en collaboration avec le Centre d\u2019\u00e9tudes sup\u00e9rieures de la Renaissance, cette exp\u00e9rience met en lumi\u00e8re les aspects m\u00e9connus de la vie et de l\u2019\u0153uvre de L\u00e9onard.<\/p>\n<p>Le projet r\u00e9unit un web-documentaire interactif de 13 \u00e9pisodes et un jeu vid\u00e9o s\u00e9rieux (<em>serious game<\/em>), pour former un parcours p\u00e9dagogique et ludique. Accessible \u00e0 tous, <em>Sur les pas de L\u00e9onard<\/em> propose ainsi d\u2019entrer dans l\u2019univers mental de L\u00e9onard de Vinci afin de comprendre comment il imagine et\u00a0con\u00e7oit ses inventions en pleine renaissance des arts, des sciences et des techniques.<\/p>\n<p>L\u2019objectif\u00a0: d\u00e9truire les clich\u00e9s habituellement diffus\u00e9s sur le Ma\u00eetre italien et transmettre au\u00a0 plus\u00a0grand nombre les derni\u00e8res d\u00e9couvertes scientifiques autour de l\u2019histoire des sciences et\u00a0des\u00a0techniques \u00e0 la Renaissance.<\/p>\n<p>Plongez d\u00e8s \u00e0 pr\u00e9sent dans l\u2019univers l\u00e9onardien au travers de ces productions scientifiques et\u00a0num\u00e9riques in\u00e9dites :<\/p>\n<p><strong>Sur les pas de L\u00e9onard, le web-documentaire\u00a0:<\/strong> Pour une v\u00e9ritable enqu\u00eate scientifique \u00e0 travers l\u2019Europe, sur les pas du c\u00e9l\u00e8bre italien<\/p>\n<p><strong>M\u00e9caL\u00e9o\u00a0:<\/strong> Un jeu vid\u00e9o s\u00e9rieux pour une d\u00e9couverte immersive et interactive des machines de\u00a0L\u00e9onard de Vinci<\/p>\n","links":[{"acf_fc_layout":"page","title":"Sur les pas de\u00a0L\u00e9onard","subtitle":"Web-doc","page":"https:\/\/renaissance-transmedia-lab.fr\/rtl4\/web-doc-sur-les-pas-de-leonard\/","cover":"https:\/\/renaissance-transmedia-lab.fr\/rtl4\/wp-content\/uploads\/2019\/11\/visuel-SLPDL-picto.png"},{"acf_fc_layout":"url","title":"M\u00e9caL\u00e9o","subtitle":"Jeu s\u00e9rieux","url":"https:\/\/renaissance-transmedia-lab.fr\/Mecaleo_jeu\/","cover":"https:\/\/renaissance-transmedia-lab.fr\/rtl4\/wp-content\/uploads\/2019\/11\/visuel-MecaLeo-picto.png"}],"call_to_action":{"text":"","link":false},"bg_img":"https:\/\/renaissance-transmedia-lab.fr\/rtl4\/wp-content\/uploads\/2019\/11\/bg.jpg","parallax_1":{"image":"https:\/\/renaissance-transmedia-lab.fr\/rtl4\/wp-content\/uploads\/2019\/11\/vinci.png","data_desktop":{"pos_x_range":30,"pos_y_range":56,"width_range":90,"height_range":90,"max_width_range":90,"max_height_range":90},"data_mobile":{"pos_x_range":53,"pos_y_range":75,"width_range":100,"height_range":100,"max_width_range":100,"max_height_range":100}},"parallax_2":{"image":"https:\/\/renaissance-transmedia-lab.fr\/rtl4\/wp-content\/uploads\/2019\/12\/01-1.png","data_desktop":{"pos_x_range":65,"pos_y_range":35,"width_range":50,"height_range":50,"max_width_range":50,"max_height_range":50},"data_mobile":{"pos_x_range":74,"pos_y_range":26,"width_range":60,"height_range":60,"max_width_range":60,"max_height_range":60}},"parallax_3":{"image":false,"data_desktop":{"pos_x_range":0,"pos_y_range":0,"width_range":0,"height_range":0,"max_width_range":0,"max_height_range":0},"data_mobile":{"pos_x_range":0,"pos_y_range":0,"width_range":0,"height_range":0,"max_width_range":0,"max_height_range":0}},"color":"","back_btn":[{"acf_fc_layout":"page","page":"https:\/\/renaissance-transmedia-lab.fr\/rtl4\/"}],"available_soon":false,"style":"1col","tags":[{"tag":"sciences et techniques"},{"tag":"m\u00e9canique"},{"tag":"jeu immersif"},{"tag":"web-doc"}],"show_footer":true,"use_video":false,"in_menu":false,"use_spritesheet":false,"spritesheet_json":false,"spritesheet_img":false,"spritesheet_loading":false,"spritesheet_start_frame":0}}],"scroll_slide_mode":false,"logo":{"image":"https:\/\/renaissance-transmedia-lab.fr\/rtl4\/wp-content\/uploads\/2019\/12\/titre-picto-sur-les-pas-1.svg","slide":136},"credits":"<h3><strong>Mentions l\u00e9gales<\/strong><\/h3>\n<p>En application de la loi du 11 mars 1957 (art. 41) et du code de la propri\u00e9t\u00e9 intellectuelle du 1<sup>er<\/sup> juillet 1992, toute reproduction partielle ou totale \u00e0 usage collectif est strictement interdite sans autorisation de l\u2019Universit\u00e9 de Tours. Les logos, visuels, marques, dispositifs num\u00e9riques et contenus vid\u00e9os pr\u00e9sents sur ce site sont la propri\u00e9t\u00e9 de leur d\u00e9tenteur respectif.<\/p>\n<p>Les supports de m\u00e9diation pr\u00e9sent\u00e9s sur la page SUR LES PAS DE L\u00c9ONARD du Renaissance Transm\u00e9dia Lab sont la co-propri\u00e9t\u00e9 de l&rsquo;universit\u00e9 de Tours et du Centre National de la Recherche Scientifique (CNRS).<\/p>\n<p><em>Les supports de m\u00e9diation SUR LES PAS DE L\u00c9ONARD ont \u00e9t\u00e9 produits dans le cadre du programme Ambition-Recherche-D\u00e9veloppement Intelligence des Patrimoines, port\u00e9 par l\u2019UMR 7323 CESR \u2013 Centre d\u2019\u00e9tudes sup\u00e9rieures de la Renaissance (Universit\u00e9 de Tours \/ CNRS \/ Minist\u00e8re de la Culture), et financ\u00e9 par la R\u00e9gion Centre-Val de Loire.<\/em><\/p>\n<h3>Projet Sur les pas de L\u00e9onard<\/h3>\n<p><strong>Coordination scientifique<\/strong><\/p>\n<p>Pascal Brioist, Professeur des universit\u00e9s en Histoire, Centre d&rsquo;\u00e9tudes sup\u00e9rieures de la Renaissance de Tours (Univ. Tours\/CNRS)<\/p>\n<p><strong>Partenaires du projet<br \/>\n<\/strong>Le projet de recherche et de m\u00e9diation SUR LES PAS DE L\u00c9ONARD a \u00e9t\u00e9 financ\u00e9 par la R\u00e9gion Centre-Val de Loire.<br \/>\nCette op\u00e9ration est cofinanc\u00e9e par l\u2019Union europ\u00e9enne. L\u2019Europe s\u2019engage en R\u00e9gion Centre-Val de Loire avec le Fonds Europ\u00e9en de D\u00e9veloppement R\u00e9gional.<br \/>\nLe projet de recherche et de m\u00e9diation SUR LES PAS DE L\u00c9ONARD a b\u00e9n\u00e9fici\u00e9 d&rsquo;un partenariat avec Artes Mechanicae, le Museo Leonardiano de Vinci, CNRS Images et la MSH Val de Loire.<\/p>\n<p><strong>Cr\u00e9dits<br \/>\n<\/strong>Les supports de m\u00e9diation ont \u00e9t\u00e9 produits avec le concours de Vlam! Productions, Les F\u00e9es Sp\u00e9ciales et Beautiful Georges.<\/p>\n<p><img loading=\"lazy\" class=\"alignnone wp-image-3783\" src=\"http:\/\/renaissance-transmedia-lab.fr\/rtl4\/wp-content\/uploads\/2021\/09\/logos-SLPDL-MecaLeo-300x71.png\" alt=\"\" width=\"697\" height=\"165\" srcset=\"https:\/\/renaissance-transmedia-lab.fr\/rtl4\/wp-content\/uploads\/2021\/09\/logos-SLPDL-MecaLeo-300x71.png 300w, https:\/\/renaissance-transmedia-lab.fr\/rtl4\/wp-content\/uploads\/2021\/09\/logos-SLPDL-MecaLeo.png 752w\" sizes=\"(max-width: 697px) 100vw, 697px\" \/><\/p>\n<p>&nbsp;<\/p>\n<h3>Pr\u00e9sentation du projet<\/h3>\n<p>Codex Atlanticus, fol. 30 \u00a9 Biblioth\u00e8que Ambrosienne (Milan)<br \/>\nPortrait de L\u00e9onard de Vinci \u00a9 Smithsonian Institution, National Air and Space Museum<br \/>\n<span class=\"s1\">Bateau \u00e0 aubes en 3D \u00a9 Exposition \u00ab\u00a0Leonardo da Vinci, a european genius\u00a0\u00bb 2007-2008 (Bruges)<\/span><\/p>\n<p><span class=\"s1\">Web-documentaire <em>Sur les pas de L\u00e9onard<\/em> \u00a9 Universit\u00e9 de Tours\/CNRS<br \/>\n<em>Support de m\u00e9diation d\u00e9velopp\u00e9 avec la contribution de Vlam! Productions, dans le cadre du programme ARD Intelligence des Patrimoines financ\u00e9 par la R\u00e9gion Centre-Val de Loire<\/em><\/span><\/p>\n<p><span class=\"s1\"><i>Serious game<\/i> M\u00e9caL\u00e9o \u00a9 Universit\u00e9 de Tours\/CNRS<br \/>\n<em>Support de m\u00e9diation d\u00e9velopp\u00e9 avec la contribution des F\u00e9es Sp\u00e9ciales, dans le cadre du programme ARD Intelligence des Patrimoines financ\u00e9 par la R\u00e9gion Centre-Val de Loire<\/em><\/span><\/p>\n<h3>M\u00e9caL\u00e9o, le jeu vid\u00e9o s\u00e9rieux<\/h3>\n<p>Francesco di Giorgio Martini, <em>Opusculum de architectura<\/em>, Manuscrit 197b 21, folio 61v, 1474-1482. Londres, British Museum, Prints &amp; Drawings, 1947,0117.2.63.v \u00a9 The Trustees of the British Museum<\/p>\n<p>L\u00e9onard de Vinci, <em>Codex Atlanticus<\/em>, folio 1063r, 1486. Milan, Veneranda Biblioteca Ambrosiana \u00a9 Veneranda Biblioteca Ambrosiana\/Metis e Mida Informatica\/Mondadori Portfolio \/ Bridgeman Images<\/p>\n<p>L\u00e9onard de Vinci, <em>Codex Madrid<\/em>, Tome I, folios 1r, 10r, 17r, 23r, 36v, 85r, 90v, 97v, 1114r, 116r et 172r, XV\u1d49 si\u00e8cle. Madrid, Biblioth\u00e8que nationale d\u2019Espagne \u2013 Image provenant des fonds de la Biblioth\u00e8que nationale d\u2019Espagne<\/p>\n<p>L\u00e9onard de Vinci, <em>Manuscrit B<\/em>, folios 20r et 80r, 1485-1488. Paris, Biblioth\u00e8que de l\u2019Institut de France, Manuscrits de L\u00e9onard de Vinci, Ms 2173 \u00a9 RMN-Grand Palais (Institut de France) \/ Ren\u00e9-Gabriel Ojeda \/ St\u00e9phane Roger<\/p>\n","logo_secondary":{"image":false,"url":""}},"_links":{"self":[{"href":"https:\/\/renaissance-transmedia-lab.fr\/rtl4\/wp-json\/wp\/v2\/pages\/134"}],"collection":[{"href":"https:\/\/renaissance-transmedia-lab.fr\/rtl4\/wp-json\/wp\/v2\/pages"}],"about":[{"href":"https:\/\/renaissance-transmedia-lab.fr\/rtl4\/wp-json\/wp\/v2\/types\/page"}],"author":[{"embeddable":true,"href":"https:\/\/renaissance-transmedia-lab.fr\/rtl4\/wp-json\/wp\/v2\/users\/1"}],"replies":[{"embeddable":true,"href":"https:\/\/renaissance-transmedia-lab.fr\/rtl4\/wp-json\/wp\/v2\/comments?post=134"}],"version-history":[{"count":39,"href":"https:\/\/renaissance-transmedia-lab.fr\/rtl4\/wp-json\/wp\/v2\/pages\/134\/revisions"}],"predecessor-version":[{"id":4070,"href":"https:\/\/renaissance-transmedia-lab.fr\/rtl4\/wp-json\/wp\/v2\/pages\/134\/revisions\/4070"}],"wp:attachment":[{"href":"https:\/\/renaissance-transmedia-lab.fr\/rtl4\/wp-json\/wp\/v2\/media?parent=134"}],"curies":[{"name":"wp","href":"https:\/\/api.w.org\/{rel}","templated":true}]}}