{"id":1129,"date":"2020-03-23T15:08:06","date_gmt":"2020-03-23T14:08:06","guid":{"rendered":"http:\/\/renaissance-transmedia-lab.fr\/rtl4\/?page_id=1129"},"modified":"2021-11-17T11:56:21","modified_gmt":"2021-11-17T10:56:21","slug":"montargis-3d","status":"publish","type":"page","link":"https:\/\/renaissance-transmedia-lab.fr\/rtl4\/montargis-3d\/","title":{"rendered":"Montargis 3D"},"content":{"rendered":"","protected":false},"excerpt":{"rendered":"","protected":false},"author":1,"featured_media":0,"parent":0,"menu_order":0,"comment_status":"closed","ping_status":"closed","template":"slider.php","meta":[],"acf":{"logo":{"image":"https:\/\/renaissance-transmedia-lab.fr\/rtl4\/wp-content\/uploads\/2020\/03\/logo-montargis.svg","slide":1131},"logo_secondary":{"image":false,"url":""},"show_menu":false,"scroll_slide_mode":false,"slides":[{"slide":{"ID":1131,"post_author":1,"post_date":"2020-03-23 15:08:56","post_date_gmt":"2020-03-23 14:08:56","post_content":"","post_title":"Montargis 3D - Pr\u00e9sentation","post_excerpt":"","post_status":"publish","comment_status":"open","ping_status":"open","post_password":"","post_name":"montargis-3d-presentation","to_ping":"","pinged":"","post_modified":"2021-04-27 10:44:56","post_modified_gmt":"2021-04-27 08:44:56","post_content_filtered":"","post_parent":0,"guid":"http:\/\/renaissance-transmedia-lab.fr\/rtl4\/?p=1131","menu_order":0,"post_type":"post","post_mime_type":"","comment_count":0,"filter":"raw","title":"Montargis 3D","subtitle":"<p>Le projet Montargis 3D offre une repr\u00e9sentation in\u00e9dite du\u00a0ch\u00e2teau de Montargis et de ses jardins au temps de la Renaissance, pour une nouvelle compr\u00e9hension visuelle de\u00a0ce\u00a0patrimoine aujourd\u2019hui presque enti\u00e8rement disparu.<\/p>\n","text":"<p>\u00c0 partir des recherches scientifiques conduites sur la cour de Ren\u00e9e\u00a0de\u00a0France \u00e0 Montargis, le projet a\u00a0men\u00e9 \u00e0 la production d\u2019une maquette 3D con\u00e7ue selon une d\u00e9marche scientifique pluridisciplinaire. Cela a permis de donner forme aux hypoth\u00e8ses de recherche et de les exp\u00e9rimenter visuellement pour confronter les points de vue et ainsi poursuivre le travail scientifique.<\/p>\n<p>Pour d\u00e9couvrir l\u2019architecture et l\u2019histoire du ch\u00e2teau de Montargis et de ses jardins, commandit\u00e9s par\u00a0la princesse Ren\u00e9e de France \u00e0 la Renaissance, explorez les diff\u00e9rentes productions num\u00e9riques cor\u00e9alis\u00e9es par des historiens et des ing\u00e9nieurs en informatique :<\/p>\n<p><strong>Visite virtuelle Montargis 3D :<\/strong> une promenade virtuelle au c\u0153ur des jardins royaux de Montargis au\u00a0XVI<sup>e<\/sup> si\u00e8cle pour d\u00e9couvrir le ch\u00e2teau et ses abords, enrichie de contenus sur l\u2019histoire de Ren\u00e9e\u00a0de\u00a0France et du ch\u00e2teau de Montargis.<\/p>\n<p><strong>Donn\u00e9es historiques :<\/strong> un module interactif compl\u00e9mentaire pour d\u00e9couvrir les personnages et\u00a0\u00e9v\u00e9nements majeurs de l\u2019histoire du ch\u00e2teau de Montargis et de la cour de la princesse Ren\u00e9e\u00a0de\u00a0France par le biais d\u2019archives historiques in\u00e9dites.<\/p>\n","tags":[{"tag":"visite virtuelle"},{"tag":"reconstitution 3D"},{"tag":"patrimoine disparu"}],"style":"1col","color":"","back_btn":[{"acf_fc_layout":"page","page":"https:\/\/renaissance-transmedia-lab.fr\/rtl4\/"}],"links":[{"acf_fc_layout":"url","title":"Visite virtuelle","subtitle":"Montargis 3D","url":"https:\/\/renaissance-transmedia-lab.fr\/Montargis_3D_visite-virtuelle","cover":"https:\/\/renaissance-transmedia-lab.fr\/rtl4\/wp-content\/uploads\/2020\/03\/vignette-Montargis-3D-appli.png"},{"acf_fc_layout":"page","title":"Donn\u00e9es historiques","subtitle":"","page":"https:\/\/renaissance-transmedia-lab.fr\/rtl4\/montargis-3d\/","cover":"https:\/\/renaissance-transmedia-lab.fr\/rtl4\/wp-content\/uploads\/2020\/03\/vignette-DH-BD.jpg"}],"call_to_action":{"text":"","link":false},"available_soon":false,"show_footer":true,"bg_img":"https:\/\/renaissance-transmedia-lab.fr\/rtl4\/wp-content\/uploads\/2019\/12\/bg-3.jpg","parallax_1":{"image":false,"data_desktop":{"pos_x_range":0,"pos_y_range":0,"width_range":0,"height_range":0,"max_width_range":0,"max_height_range":0},"data_mobile":{"pos_x_range":0,"pos_y_range":0,"width_range":0,"height_range":0,"max_width_range":0,"max_height_range":0}},"parallax_2":{"image":false,"data_desktop":{"pos_x_range":0,"pos_y_range":0,"width_range":0,"height_range":0,"max_width_range":0,"max_height_range":0},"data_mobile":{"pos_x_range":0,"pos_y_range":0,"width_range":0,"height_range":0,"max_width_range":0,"max_height_range":0}},"parallax_3":{"image":false,"data_desktop":{"pos_x_range":0,"pos_y_range":0,"width_range":0,"height_range":0,"max_width_range":0,"max_height_range":0},"data_mobile":{"pos_x_range":0,"pos_y_range":0,"width_range":0,"height_range":0,"max_width_range":0,"max_height_range":0}},"use_video":false,"use_spritesheet":true,"spritesheet_json":"https:\/\/renaissance-transmedia-lab.fr\/rtl4\/wp-content\/uploads\/2020\/03\/pergo2.json","spritesheet_img":"https:\/\/renaissance-transmedia-lab.fr\/rtl4\/wp-content\/uploads\/2020\/03\/pergo.png","spritesheet_loading":"https:\/\/renaissance-transmedia-lab.fr\/rtl4\/wp-content\/uploads\/2020\/03\/0014.png","in_menu":false,"spritesheet_start_frame":20}},{"slide":{"ID":1133,"post_author":1,"post_date":"2020-03-23 15:11:48","post_date_gmt":"2020-03-23 14:11:48","post_content":"","post_title":"Montargis 3D - Donne\u0301es historiques","post_excerpt":"","post_status":"publish","comment_status":"open","ping_status":"open","post_password":"","post_name":"montargis-3d-donnees-historiques","to_ping":"","pinged":"","post_modified":"2021-04-09 15:17:38","post_modified_gmt":"2021-04-09 13:17:38","post_content_filtered":"","post_parent":0,"guid":"http:\/\/renaissance-transmedia-lab.fr\/rtl4\/?p=1133","menu_order":0,"post_type":"post","post_mime_type":"","comment_count":0,"filter":"raw","title":"Donne\u0301es--historiques","subtitle":"<p>Lorem ipsum dolor sit amet, consectetur adipiscing elit, sed do eiusmod tempor incididunt ut labore et dolore magna aliqua.<\/p>\n","text":"<p>Lorem ipsum dolor sit amet, consectetur adipiscing elit, sed do eiusmod tempor incididunt ut labore et dolore magna aliqua. Ut enim ad minim veniam, quis nostrud exercitation ullamco laboris nisi ut aliquip ex ea commodo consequat.<\/p>\n","tags":[{"tag":"Tag 1"},{"tag":"Tag 2"},{"tag":"Tag 3"}],"style":"1col","color":"","back_btn":[{"acf_fc_layout":"slide","slide":1131}],"links":false,"call_to_action":{"text":"Voir les donn\u00e9es","link":[{"acf_fc_layout":"page","page":"https:\/\/renaissance-transmedia-lab.fr\/rtl4\/montargis-3d-donnees-historiques-documents\/"}]},"available_soon":false,"show_footer":false,"bg_img":"https:\/\/renaissance-transmedia-lab.fr\/rtl4\/wp-content\/uploads\/2019\/12\/bg-3.jpg","parallax_1":{"image":false,"data_desktop":{"pos_x_range":0,"pos_y_range":0,"width_range":0,"height_range":0,"max_width_range":0,"max_height_range":0},"data_mobile":{"pos_x_range":0,"pos_y_range":0,"width_range":0,"height_range":0,"max_width_range":0,"max_height_range":0}},"parallax_2":{"image":false,"data_desktop":{"pos_x_range":0,"pos_y_range":0,"width_range":0,"height_range":0,"max_width_range":0,"max_height_range":0},"data_mobile":{"pos_x_range":0,"pos_y_range":0,"width_range":0,"height_range":0,"max_width_range":0,"max_height_range":0}},"parallax_3":{"image":false,"data_desktop":{"pos_x_range":0,"pos_y_range":0,"width_range":0,"height_range":0,"max_width_range":0,"max_height_range":0},"data_mobile":{"pos_x_range":0,"pos_y_range":0,"width_range":0,"height_range":0,"max_width_range":0,"max_height_range":0}},"use_video":false,"use_spritesheet":false,"spritesheet_json":false,"spritesheet_img":false,"spritesheet_loading":false,"in_menu":false,"spritesheet_start_frame":0}}],"credits":"<h3><strong>Mentions l\u00e9gales<\/strong><\/h3>\n<p>En application de la loi du 11 mars 1957 (art. 41) et du code de la propri\u00e9t\u00e9 intellectuelle du 1<sup>er<\/sup> juillet 1992, toute reproduction partielle ou totale \u00e0 usage collectif est strictement interdite sans autorisation de l\u2019Universit\u00e9 de Tours. Les logos, visuels, marques, dispositifs num\u00e9riques et contenus vid\u00e9os pr\u00e9sents sur ce site sont la propri\u00e9t\u00e9 de leur d\u00e9tenteur respectif.<\/p>\n<p>Les supports de m\u00e9diation pr\u00e9sent\u00e9s sur la page MONTARGIS3D du Renaissance Transm\u00e9dia Lab sont la co-propri\u00e9t\u00e9 de l&rsquo;universit\u00e9 de Tours et du Centre National de la Recherche Scientifique (CNRS).<\/p>\n<p><em>Les supports de m\u00e9diation Montargis3D ont \u00e9t\u00e9 produits dans le cadre du programme Ambition-Recherche-D\u00e9veloppement Intelligence des Patrimoines, port\u00e9 par l\u2019UMR 7323 CESR \u2013 Centre d\u2019\u00e9tudes sup\u00e9rieures de la Renaissance (Universit\u00e9 de Tours \/ CNRS \/ Minist\u00e8re de la Culture), et financ\u00e9 par la R\u00e9gion Centre-Val de Loire.<\/em><\/p>\n<h3><strong>Projet Montargis 3D<\/strong><\/h3>\n<p><strong>Coordination scientifique<br \/>\n<\/strong>Benoist PIERRE, Directeur du programme ARD Intelligence des Patrimoines et du Centre d\u2019\u00e9tudes sup\u00e9rieures de la Renaissance (Univ. Tours \/ CNRS \/ Minist\u00e8re de la Culture)<br \/>\nCyril CVETKOVIC, Doctorant en Histoire, Centre d\u2019\u00e9tudes sup\u00e9rieures de la Renaissance (Univ. Tours \/ CNRS \/ Minist\u00e8re de la Culture)<\/p>\n<p><strong>\u00c9quipe scientifique et technique<br \/>\n<\/strong>Programme ARD Intelligence des Patrimoines<\/p>\n<p><em>Coordination g\u00e9n\u00e9rale<br \/>\n<\/em>Morgane CHAUMIER, Charg\u00e9e de mission<\/p>\n<p><em>Suivi technique et d\u00e9veloppement Unity<br \/>\n<\/em>Johann FORTE, Chef de projet<br \/>\nEmmanuel BARREAU, Ing\u00e9nieur informatique<br \/>\nDamien VURPILLOT, Ing\u00e9nieur informatique<\/p>\n<p><em>Sc\u00e9narisation des contenus<br \/>\n<\/em>Katel LOCHET, Charg\u00e9e de m\u00e9diation scientifique<br \/>\nCarole JOLLY, Charg\u00e9e de m\u00e9diation scientifique<\/p>\n<p><em>Suivi de la r\u00e9alisation graphique<br \/>\n<\/em>Marine BRUNEAU, Charg\u00e9e de communication<\/p>\n<p><em>Suivi financier<br \/>\n<\/em>Alexandra MAGN\u00c9, Gestionnaire financier<\/p>\n<p><strong>Partenaires du projet<br \/>\n<\/strong>Le projet de recherche et de m\u00e9diation Montargis3D a \u00e9t\u00e9 financ\u00e9 par la R\u00e9gion Centre-Val de Loire (CPER BIOPATIC 2016) .<br \/>\nCette op\u00e9ration est cofinanc\u00e9e par l\u2019Union europ\u00e9enne. L\u2019Europe s\u2019engage en R\u00e9gion Centre-Val de Loire avec le Fonds Europ\u00e9en de D\u00e9veloppement R\u00e9gional.<\/p>\n<p><strong>Cr\u00e9dits<br \/>\n<\/strong>Les supports de m\u00e9diation ont \u00e9t\u00e9 produits avec le concours de Dripmoon, Beautiful Georges et Arkham Studio.<\/p>\n<p>&nbsp;<\/p>\n<p><img loading=\"lazy\" class=\"alignnone wp-image-2363\" src=\"http:\/\/renaissance-transmedia-lab.fr\/rtl4\/wp-content\/uploads\/2020\/12\/logos-Montargis-3D-blancs-300x67.png\" alt=\"\" width=\"730\" height=\"163\" srcset=\"https:\/\/renaissance-transmedia-lab.fr\/rtl4\/wp-content\/uploads\/2020\/12\/logos-Montargis-3D-blancs-300x67.png 300w, https:\/\/renaissance-transmedia-lab.fr\/rtl4\/wp-content\/uploads\/2020\/12\/logos-Montargis-3D-blancs-1024x229.png 1024w, https:\/\/renaissance-transmedia-lab.fr\/rtl4\/wp-content\/uploads\/2020\/12\/logos-Montargis-3D-blancs-768x171.png 768w, https:\/\/renaissance-transmedia-lab.fr\/rtl4\/wp-content\/uploads\/2020\/12\/logos-Montargis-3D-blancs-1536x343.png 1536w, https:\/\/renaissance-transmedia-lab.fr\/rtl4\/wp-content\/uploads\/2020\/12\/logos-Montargis-3D-blancs.png 2034w\" sizes=\"(max-width: 730px) 100vw, 730px\" \/><\/p>\n<p>&nbsp;<\/p>\n<h3><strong>Page vitrine du projet<\/strong><\/h3>\n<p>The British Museum, Prints and Drawings, Inv. 1972, U 817. Vue du Ch\u00e2teau de Montargis \u00e0 vol d\u2019oiseau, par J. Androuet du Cerceau, dessin sur v\u00e9lin, vers 1570, 512&#215;744 mm \u00a9 The Trustees of the British Museum. Shared under a Creative Commons Attribution-NonCommercial-ShareAlike 4.0 International (CC BY-NC-SA 4.0) licence.<\/p>\n<p>Mod\u00e8le 3D d&rsquo;une galerie des jardins du ch\u00e2teau de Montargis \u00a9Montargis3D<\/p>\n<p>Vue du ch\u00e2teau de Montargis, visuel tir\u00e9 de la visite virtuelle Montargis 3D \u00a9Montargis3D<\/p>\n<p>Plan des jardin de Cyth\u00e8re<em> in Hypnerotomachie, ou Discours du songe de Poliphile<\/em>, A Paris, Pour Jacques Kerver, 1561, f. 111 r. \u00a9Biblioth\u00e8que municipale d\u2019Orl\u00e9ans<\/p>\n<h3><strong>Page pr\u00e9sentation du projet <\/strong><\/h3>\n<p>The British Museum, Prints and Drawings, Inv. 1972, U 817. Vue du Ch\u00e2teau de Montargis \u00e0 vol d\u2019oiseau, par J. Androuet du Cerceau, dessin sur v\u00e9lin, vers 1570, 512&#215;744 mm \u00a9 The Trustees of the British Museum. Shared under a Creative Commons Attribution-NonCommercial-ShareAlike 4.0 International (CC BY-NC-SA 4.0) licence.<\/p>\n<p>The British Museum &#8211; Prints and Drawings, Inv. 1972, U 814. Plan du ch\u00e2teau et de la ville de Montargis, par J. Androuet du Cerceau, dessin sur v\u00e9lin, vers 1570, 518&#215;751 mm \u00a9 The Trustees of the British Museum. Shared under a Creative Commons Attribution-NonCommercial-ShareAlike 4.0 International (CC BY-NC-SA 4.0) licence.<\/p>\n<p>Ch\u00e2teau de Montargis et ses jardins \u00e0 la Renaissance, visuel tir\u00e9 de la visite virtuelle Montargis 3D \u00a9Montargis3D<\/p>\n<h3><strong>Page Visite virtuelle Montargis 3D<br \/>\n<\/strong><\/h3>\n<p>Visite virtuelle Montargis 3D \u00a9Universit\u00e9 de Tours\/CNRS<br \/>\nSupport de m\u00e9diation d\u00e9velopp\u00e9 avec la contribution de Dripmoon, dans le cadre du programme ARD Intelligence des Patrimoines financ\u00e9 par la R\u00e9gion Centre-Val de Loire<\/p>\n<p>&nbsp;<\/p>\n"},"_links":{"self":[{"href":"https:\/\/renaissance-transmedia-lab.fr\/rtl4\/wp-json\/wp\/v2\/pages\/1129"}],"collection":[{"href":"https:\/\/renaissance-transmedia-lab.fr\/rtl4\/wp-json\/wp\/v2\/pages"}],"about":[{"href":"https:\/\/renaissance-transmedia-lab.fr\/rtl4\/wp-json\/wp\/v2\/types\/page"}],"author":[{"embeddable":true,"href":"https:\/\/renaissance-transmedia-lab.fr\/rtl4\/wp-json\/wp\/v2\/users\/1"}],"replies":[{"embeddable":true,"href":"https:\/\/renaissance-transmedia-lab.fr\/rtl4\/wp-json\/wp\/v2\/comments?post=1129"}],"version-history":[{"count":21,"href":"https:\/\/renaissance-transmedia-lab.fr\/rtl4\/wp-json\/wp\/v2\/pages\/1129\/revisions"}],"predecessor-version":[{"id":4072,"href":"https:\/\/renaissance-transmedia-lab.fr\/rtl4\/wp-json\/wp\/v2\/pages\/1129\/revisions\/4072"}],"wp:attachment":[{"href":"https:\/\/renaissance-transmedia-lab.fr\/rtl4\/wp-json\/wp\/v2\/media?parent=1129"}],"curies":[{"name":"wp","href":"https:\/\/api.w.org\/{rel}","templated":true}]}}